{"id":122,"date":"2023-05-02T09:47:06","date_gmt":"2023-05-02T07:47:06","guid":{"rendered":"http:\/\/asso.acfmpmc.fr\/?page_id=122"},"modified":"2024-08-30T14:37:57","modified_gmt":"2024-08-30T12:37:57","slug":"vacances","status":"publish","type":"page","link":"https:\/\/assoc2s.fr\/index.php\/association\/vacances\/","title":{"rendered":"Vacances"},"content":{"rendered":"<h3><span style=\"color: #b01635;\"><strong><b>CLUB MED r\u00e9servation des s\u00e9jours 2024<\/b><\/strong><\/span><\/h3>\n<p><img loading=\"lazy\" decoding=\"async\" class=\"size-full wp-image-124 alignleft\" src=\"http:\/\/assoc2s.fr\/wp-content\/uploads\/2023\/05\/vacances-moins-chere.png\" alt=\"\" width=\"287\" height=\"256\" \/>Code Privil\u00e8ge :<br \/>\nCode Collectivit\u00e9s :<br \/>\nCl\u00e9 de contr\u00f4le :<\/p>\n<p><strong><em>\u00e0 demander \u00e0 l&#8217;association<\/em><br \/>\n<\/strong><\/p>\n<p><strong><a href=\"https:\/\/mail.upmc.fr\/owa\/redir.aspx?C=OZ_y373LY1dKFd-nhZNqS7ApQk6M7qxU_pbpQichbkA-_NGB1UrbCA..&amp;URL=https%3a%2f%2fwww.clubmed.fr%2fprebookingform%3futm_source%3dpardot%26utm_campaign%3d2023_COLL_B2C_ODRH24_J-14_fev%26utm_medium%3demail\" target=\"_blank\" rel=\"noopener noreferrer\">Lien de r\u00e9servation<\/a><br \/>\n<\/strong><\/p>\n<p>PRIX GARANTI D\u00c8S LA R\u00c9SERVATION.<br \/>\nLeur budget vacances maitris\u00e9 dans un contexte de hausses de prix<br \/>\nPrix Garanti<br \/>\nLE PLUS GRAND CHOIX de destinations, de cat\u00e9gories de chambre et de dates<br \/>\nTous les services disponibles<br \/>\nLA PRIORIT\u00c9: sur les places au Baby et Petit Club Med\u00ae pour leurs enfants de moins de 4 ans<\/p>\n<p>___<\/p>\n<div class=\"moz-text-html\" lang=\"x-unicode\">\n<h3><span style=\"color: #b01635;\"><strong><b>Nouveau partenariat<\/b> :\u00a0 voyagez facile<\/strong><\/span><\/h3>\n<p>10% avec le code\u00a0<b> &#8220;<em>\u00e0 demander \u00e0 l&#8217;association<\/em>&#8221;<br \/>\n<\/b><\/p>\n<p><a href=\"https:\/\/www.voyagezfacile.net\/\" target=\"_blank\" rel=\"noopener\"><b>https:\/\/www.voyagezfacile.net\/<\/b><\/a><\/p>\n<p><img loading=\"lazy\" decoding=\"async\" class=\"size-full wp-image-127 alignleft\" src=\"http:\/\/assoc2s.fr\/wp-content\/uploads\/2023\/05\/voyagez-facile.png\" alt=\"\" width=\"283\" height=\"170\" \/>-Vous ne souhaitez vous occuper de rien et passer par une agence qui vous proposera un s\u00e9jour ou un circuit et qui r\u00e9servera pour vous la prestation globale (service que ne propose pas Voyagez Facile) : semaine All Inclusive\u00a0 ou demi-pension dans un h\u00f4tel au soleil, circuit organis\u00e9 en Tha\u00eflande, aux Etats-Unis, &#8230;<br \/>\n-Vous avez besoin d&#8217;une offre s&#8217;adaptant au mieux \u00e0 vos besoins de d\u00e9tente et de d\u00e9couverte, au meilleur rapport qualit\u00e9-prix, et avec le meilleur suivi en cas de probl\u00e8me.<br \/>\nLa m\u00e9thode VOYAGEZ FACILE pour vous faire gagner du temps et vous aider \u00e0 s\u00e9lectionner la meilleure offre\u00a0 :<br \/>\n&#8211; parcourir \u00e0 votre place les milliers d&#8217;offres disponibles propos\u00e9es par les agences sur Internet<br \/>\n&#8211; s\u00e9lectionner celles qui correspondent le mieux \u00e0 vos dates, votre budget, les destinations que vous aviez en t\u00eate, le type de formule d\u00e9sir\u00e9e, etc&#8230;<br \/>\n&#8211; avoir une attention particuli\u00e8re aux \u00e9carts entre prix d&#8217;appel et frais qui s&#8217;ajoutent au fur et \u00e0 mesure (frais de dossier, assurances, excursions propos\u00e9es en option &#8230;) pour obtenir la meilleure comparaison entre les offres<br \/>\n&#8211;\u00a0vous faire parvenir un dossier complet avec toutes les offres et vous d\u00e9tailler les points forts et les points faibles de ces derni\u00e8res pour que vous puissiez faire votre choix de mani\u00e8re \u00e9clair\u00e9e<br \/>\n&#8211; le dossier comportera aussi les liens pour que vous puissiez les trouver facilement et directement les r\u00e9server en toute autonomie<\/p>\n<p><a href=\"http:\/\/assoc2s.fr\/wp-content\/uploads\/2024\/08\/Flyer-Entreprises-Voyagez-Facile.pdf\" target=\"_blank\" rel=\"noopener\">Flyer Entreprises &#8211; Voyagez Facile<\/a><\/p>\n<p>___<\/p>\n<p><img loading=\"lazy\" decoding=\"async\" class=\"alignnone wp-image-470\" src=\"http:\/\/assoc2s.fr\/wp-content\/uploads\/2023\/12\/macaron_cheque_vacances_1.jpg\" alt=\"\" width=\"140\" height=\"150\" \/>Paiement possible par ch\u00e8ques vacances<\/p>\n<p>&nbsp;<\/p>\n<\/div>\n<p><!--more--><\/p>\n<p><!--more--><\/p>\n","protected":false},"excerpt":{"rendered":"<p>CLUB MED r\u00e9servation des s\u00e9jours 2024 Code Privil\u00e8ge : Code Collectivit\u00e9s : Cl\u00e9 de contr\u00f4le : \u00e0 demander \u00e0 l&#8217;association [&hellip;]<\/p>\n","protected":false},"author":3,"featured_media":0,"parent":29,"menu_order":5,"comment_status":"closed","ping_status":"closed","template":"","meta":{"site-sidebar-layout":"default","site-content-layout":"default","ast-site-content-layout":"","site-content-style":"default","site-sidebar-style":"default","ast-global-header-display":"","ast-banner-title-visibility":"","ast-main-header-display":"","ast-hfb-above-header-display":"","ast-hfb-below-header-display":"","ast-hfb-mobile-header-display":"","site-post-title":"","ast-breadcrumbs-content":"","ast-featured-img":"","footer-sml-layout":"","theme-transparent-header-meta":"default","adv-header-id-meta":"","stick-header-meta":"","header-above-stick-meta":"","header-main-stick-meta":"","header-below-stick-meta":"","astra-migrate-meta-layouts":"default","ast-page-background-enabled":"default","ast-page-background-meta":{"desktop":{"background-color":"var(--ast-global-color-4)","background-image":"","background-repeat":"repeat","background-position":"center center","background-size":"auto","background-attachment":"scroll","background-type":"","background-media":"","overlay-type":"","overlay-color":"","overlay-opacity":"","overlay-gradient":""},"tablet":{"background-color":"","background-image":"","background-repeat":"repeat","background-position":"center center","background-size":"auto","background-attachment":"scroll","background-type":"","background-media":"","overlay-type":"","overlay-color":"","overlay-opacity":"","overlay-gradient":""},"mobile":{"background-color":"","background-image":"","background-repeat":"repeat","background-position":"center center","background-size":"auto","background-attachment":"scroll","background-type":"","background-media":"","overlay-type":"","overlay-color":"","overlay-opacity":"","overlay-gradient":""}},"ast-content-background-meta":{"desktop":{"background-color":"var(--ast-global-color-5)","background-image":"","background-repeat":"repeat","background-position":"center center","background-size":"auto","background-attachment":"scroll","background-type":"","background-media":"","overlay-type":"","overlay-color":"","overlay-opacity":"","overlay-gradient":""},"tablet":{"background-color":"var(--ast-global-color-5)","background-image":"","background-repeat":"repeat","background-position":"center center","background-size":"auto","background-attachment":"scroll","background-type":"","background-media":"","overlay-type":"","overlay-color":"","overlay-opacity":"","overlay-gradient":""},"mobile":{"background-color":"var(--ast-global-color-5)","background-image":"","background-repeat":"repeat","background-position":"center center","background-size":"auto","background-attachment":"scroll","background-type":"","background-media":"","overlay-type":"","overlay-color":"","overlay-opacity":"","overlay-gradient":""}},"footnotes":""},"class_list":["post-122","page","type-page","status-publish","hentry"],"_links":{"self":[{"href":"https:\/\/assoc2s.fr\/index.php\/wp-json\/wp\/v2\/pages\/122","targetHints":{"allow":["GET"]}}],"collection":[{"href":"https:\/\/assoc2s.fr\/index.php\/wp-json\/wp\/v2\/pages"}],"about":[{"href":"https:\/\/assoc2s.fr\/index.php\/wp-json\/wp\/v2\/types\/page"}],"author":[{"embeddable":true,"href":"https:\/\/assoc2s.fr\/index.php\/wp-json\/wp\/v2\/users\/3"}],"replies":[{"embeddable":true,"href":"https:\/\/assoc2s.fr\/index.php\/wp-json\/wp\/v2\/comments?post=122"}],"version-history":[{"count":2,"href":"https:\/\/assoc2s.fr\/index.php\/wp-json\/wp\/v2\/pages\/122\/revisions"}],"predecessor-version":[{"id":658,"href":"https:\/\/assoc2s.fr\/index.php\/wp-json\/wp\/v2\/pages\/122\/revisions\/658"}],"up":[{"embeddable":true,"href":"https:\/\/assoc2s.fr\/index.php\/wp-json\/wp\/v2\/pages\/29"}],"wp:attachment":[{"href":"https:\/\/assoc2s.fr\/index.php\/wp-json\/wp\/v2\/media?parent=122"}],"curies":[{"name":"wp","href":"https:\/\/api.w.org\/{rel}","templated":true}]}}