{"id":47,"date":"2023-05-01T20:16:37","date_gmt":"2023-05-01T18:16:37","guid":{"rendered":"http:\/\/asso.acfmpmc.fr\/?page_id=47"},"modified":"2026-03-24T11:45:26","modified_gmt":"2026-03-24T10:45:26","slug":"sorties","status":"publish","type":"page","link":"https:\/\/assoc2s.fr\/index.php\/vie-de-lassociation\/sorties\/","title":{"rendered":"Sorties"},"content":{"rendered":"<h3><span style=\"color: #b01635;\">Sortie \u00e0 Provins<\/span><\/h3>\n<p><img loading=\"lazy\" decoding=\"async\" class=\"wp-image-1032 alignright\" src=\"http:\/\/assoc2s.fr\/wp-content\/uploads\/2026\/03\/Provins-225x300.jpg\" alt=\"\" width=\"189\" height=\"252\" srcset=\"https:\/\/assoc2s.fr\/wp-content\/uploads\/2026\/03\/Provins-225x300.jpg 225w, https:\/\/assoc2s.fr\/wp-content\/uploads\/2026\/03\/Provins.jpg 548w\" sizes=\"auto, (max-width: 189px) 100vw, 189px\" \/><\/p>\n<p><strong>Samedi 6 juin 2026<\/strong><\/p>\n<p><strong>Venez participer \u00e0 la sortie \u00e0 Provins<\/strong><\/p>\n<p>Rendez-vous \u00e0 9h30 \u00e0 l&#8217;office du tourisme de Provins &#8211; 44 chemin Villecran<\/p>\n<p>Comment s&#8217;y rendre?<\/p>\n<ul>\n<li>par vos propres moyens<\/li>\n<li>Avec le groupe, rendez-vous \u00e0 la gare de l&#8217;Est \u00e0 7h30 (utilisation du Navigo)<\/li>\n<\/ul>\n<p><strong>40 euros pour un adulte, 15 euros pour un enfant de moins de 12 ans<\/strong><\/p>\n<p>Le prix comprend :<\/p>\n<ul>\n<li>la visite de la cit\u00e9 m\u00e9di\u00e9vale avec un guide<\/li>\n<li>le repas du midi au restaurant<\/li>\n<li>la visite d&#8217;une biscuiterie<\/li>\n<li>un spectacle \u00e9questre<\/li>\n<\/ul>\n<h3>__<\/h3>\n<p>&nbsp;<\/p>\n<h3><span style=\"color: #b01635;\"><strong>Sortie au Touquet<br \/>\n<\/strong><\/span><\/h3>\n<p><img loading=\"lazy\" decoding=\"async\" class=\"size-medium wp-image-895 alignleft\" src=\"http:\/\/assoc2s.fr\/wp-content\/uploads\/2025\/07\/Touquet-225x300.jpg\" alt=\"\" width=\"225\" height=\"300\" srcset=\"https:\/\/assoc2s.fr\/wp-content\/uploads\/2025\/07\/Touquet-225x300.jpg 225w, https:\/\/assoc2s.fr\/wp-content\/uploads\/2025\/07\/Touquet.jpg 547w\" sizes=\"auto, (max-width: 225px) 100vw, 225px\" \/>Sortie familiale<strong> le 14 juin 2025<\/strong><\/p>\n<p>D\u00e9part samedi matin en car<\/p>\n<p>Journ\u00e9e \u00e0 la plage<\/p>\n<p>Retour le soir en car<\/p>\n<p>inclus : une formule sandwich+boisson pour le soir<\/p>\n<p><em>quelques photos en souvenir<\/em><\/p>\n<p>&nbsp;<\/p>\n<p><img loading=\"lazy\" decoding=\"async\" class=\"alignnone size-medium wp-image-902\" src=\"http:\/\/assoc2s.fr\/wp-content\/uploads\/2025\/07\/touquet-2-225x300.jpg\" alt=\"\" width=\"225\" height=\"300\" srcset=\"https:\/\/assoc2s.fr\/wp-content\/uploads\/2025\/07\/touquet-2-225x300.jpg 225w, https:\/\/assoc2s.fr\/wp-content\/uploads\/2025\/07\/touquet-2-768x1024.jpg 768w, https:\/\/assoc2s.fr\/wp-content\/uploads\/2025\/07\/touquet-2-1152x1536.jpg 1152w, https:\/\/assoc2s.fr\/wp-content\/uploads\/2025\/07\/touquet-2.jpg 1200w\" sizes=\"auto, (max-width: 225px) 100vw, 225px\" \/> \u00a0\u00a0\u00a0\u00a0\u00a0\u00a0\u00a0 <img loading=\"lazy\" decoding=\"async\" class=\"alignnone size-medium wp-image-903\" src=\"http:\/\/assoc2s.fr\/wp-content\/uploads\/2025\/07\/touquet-1-139x300.jpg\" alt=\"\" width=\"139\" height=\"300\" srcset=\"https:\/\/assoc2s.fr\/wp-content\/uploads\/2025\/07\/touquet-1-139x300.jpg 139w, https:\/\/assoc2s.fr\/wp-content\/uploads\/2025\/07\/touquet-1-473x1024.jpg 473w, https:\/\/assoc2s.fr\/wp-content\/uploads\/2025\/07\/touquet-1-709x1536.jpg 709w, https:\/\/assoc2s.fr\/wp-content\/uploads\/2025\/07\/touquet-1.jpg 739w\" sizes=\"auto, (max-width: 139px) 100vw, 139px\" \/> \u00a0\u00a0\u00a0\u00a0\u00a0\u00a0 <img loading=\"lazy\" decoding=\"async\" class=\"alignnone size-medium wp-image-908\" src=\"http:\/\/assoc2s.fr\/wp-content\/uploads\/2025\/07\/touquet-4-225x300.jpg\" alt=\"\" width=\"225\" height=\"300\" srcset=\"https:\/\/assoc2s.fr\/wp-content\/uploads\/2025\/07\/touquet-4-225x300.jpg 225w, https:\/\/assoc2s.fr\/wp-content\/uploads\/2025\/07\/touquet-4-768x1024.jpg 768w, https:\/\/assoc2s.fr\/wp-content\/uploads\/2025\/07\/touquet-4-1152x1536.jpg 1152w, https:\/\/assoc2s.fr\/wp-content\/uploads\/2025\/07\/touquet-4.jpg 1200w\" sizes=\"auto, (max-width: 225px) 100vw, 225px\" \/><\/p>\n<h3>__<\/h3>\n<h3><span style=\"color: #b01635;\"><strong>Voyage \u00e0 Vienne<\/strong><\/span><\/h3>\n<p><strong><img loading=\"lazy\" decoding=\"async\" class=\"size-medium wp-image-707 alignleft\" src=\"http:\/\/assoc2s.fr\/wp-content\/uploads\/2024\/11\/vienne-225x300.jpg\" alt=\"\" width=\"225\" height=\"300\" srcset=\"https:\/\/assoc2s.fr\/wp-content\/uploads\/2024\/11\/vienne-225x300.jpg 225w, https:\/\/assoc2s.fr\/wp-content\/uploads\/2024\/11\/vienne.jpg 548w\" sizes=\"auto, (max-width: 225px) 100vw, 225px\" \/>Du 21 au 24 mars 2025<\/strong><\/p>\n<p>4 jours \/ 3 nuits :<\/p>\n<p><em>Vol + transfert + h\u00f4tel central + petit d\u00e9jeuner<\/em><\/p>\n<p>Il y a tant \u00e0 voir \u00e0 Vienne : de la cath\u00e9drale gothique Saint-\u00c9tienne \u00e0 la splendeur de l\u2019Art nouveau de la S\u00e9cession, en passant par le magnifique ch\u00e2teau baroque de Sch\u00f6nbrunn.<\/p>\n<p>&nbsp;<\/p>\n<h3><\/h3>\n<p>&nbsp;<\/p>\n<h3>__<\/h3>\n<h3><span style=\"color: #b01635;\"><strong>Voyage \u00e0 Lyon pour la f\u00eate des lumi\u00e8res<\/strong><\/span><\/h3>\n<p><strong>Du samedi 7 au dimanche 8 d\u00e9cembre 2024 :\u00a0 2 jours et une nuit<\/strong><img loading=\"lazy\" decoding=\"async\" class=\"size-medium wp-image-569 alignright\" src=\"http:\/\/assoc2s.fr\/wp-content\/uploads\/2024\/04\/lyon-300x201.png\" alt=\"\" width=\"300\" height=\"201\" srcset=\"https:\/\/assoc2s.fr\/wp-content\/uploads\/2024\/04\/lyon-300x201.png 300w, https:\/\/assoc2s.fr\/wp-content\/uploads\/2024\/04\/lyon-1024x686.png 1024w, https:\/\/assoc2s.fr\/wp-content\/uploads\/2024\/04\/lyon-768x514.png 768w, https:\/\/assoc2s.fr\/wp-content\/uploads\/2024\/04\/lyon.png 1198w\" sizes=\"auto, (max-width: 300px) 100vw, 300px\" \/><\/p>\n<p>Quand Lyon rev\u00eat son habit de lumi\u00e8re, tout le monde descend dans les rues pour<br \/>\nadmirer le spectacle. Les fa\u00e7ades des plus beaux b\u00e2timents de la ville s\u2019animent sous le feu des projecteurs.<\/p>\n<figure id=\"attachment_798\" aria-describedby=\"caption-attachment-798\" style=\"width: 300px\" class=\"wp-caption alignleft\"><img loading=\"lazy\" decoding=\"async\" class=\"wp-image-798 size-medium\" src=\"http:\/\/assoc2s.fr\/wp-content\/uploads\/2025\/01\/Lyon-300x225.jpg\" alt=\"\" width=\"300\" height=\"225\" srcset=\"https:\/\/assoc2s.fr\/wp-content\/uploads\/2025\/01\/Lyon-300x225.jpg 300w, https:\/\/assoc2s.fr\/wp-content\/uploads\/2025\/01\/Lyon-1024x768.jpg 1024w, https:\/\/assoc2s.fr\/wp-content\/uploads\/2025\/01\/Lyon-768x576.jpg 768w, https:\/\/assoc2s.fr\/wp-content\/uploads\/2025\/01\/Lyon-1536x1152.jpg 1536w, https:\/\/assoc2s.fr\/wp-content\/uploads\/2025\/01\/Lyon-2048x1536.jpg 2048w\" sizes=\"auto, (max-width: 300px) 100vw, 300px\" \/><figcaption id=\"caption-attachment-798\" class=\"wp-caption-text\">Le groupe<\/figcaption><\/figure>\n<h3><\/h3>\n<h3><\/h3>\n<p>&nbsp;<\/p>\n<p>&nbsp;<\/p>\n<p>&nbsp;<\/p>\n<p>&nbsp;<\/p>\n<p>&nbsp;<\/p>\n<p>&nbsp;<\/p>\n<h3>__<\/h3>\n<h3><span style=\"color: #b01635;\"><strong>Barcelone<\/strong><\/span><\/h3>\n<p><b>grand week-end du Samedi 16 mars au Mardi 19 mars 2024 :\u00a0 4 jours et 3 nuits<\/b><\/p>\n<p><img loading=\"lazy\" decoding=\"async\" class=\"size-medium wp-image-409 alignleft\" src=\"http:\/\/assoc2s.fr\/wp-content\/uploads\/2023\/10\/barcelone1-300x193.png\" alt=\"\" width=\"300\" height=\"193\" srcset=\"https:\/\/assoc2s.fr\/wp-content\/uploads\/2023\/10\/barcelone1-300x193.png 300w, https:\/\/assoc2s.fr\/wp-content\/uploads\/2023\/10\/barcelone1.png 318w\" sizes=\"auto, (max-width: 300px) 100vw, 300px\" \/><\/p>\n<p>&nbsp;<\/p>\n<p>Week end, de 4 jours, inoubliable \u00e0 Barcelone,\u00a0 o\u00f9 nous avons visit\u00e9 la Sagrada Familia, les maisons de Gaudi, le parc G\u00fcell, la place Catalunya, le parc de la Citadelle, les Ramblas, le Montjuic&#8230;<\/p>\n<p>Belle balade \u00e9galement tout au long de la grande plage. Ville captivante et anim\u00e9e o\u00f9 nous avons pass\u00e9 un superbe s\u00e9jour.<img loading=\"lazy\" decoding=\"async\" class=\"size-medium wp-image-410 alignright\" src=\"http:\/\/assoc2s.fr\/wp-content\/uploads\/2023\/10\/barcelone2-300x194.png\" alt=\"\" width=\"300\" height=\"194\" srcset=\"https:\/\/assoc2s.fr\/wp-content\/uploads\/2023\/10\/barcelone2-300x194.png 300w, https:\/\/assoc2s.fr\/wp-content\/uploads\/2023\/10\/barcelone2.png 317w\" sizes=\"auto, (max-width: 300px) 100vw, 300px\" \/><\/p>\n<p>&nbsp;<\/p>\n<p><img loading=\"lazy\" decoding=\"async\" class=\"size-full wp-image-411 alignleft\" src=\"http:\/\/assoc2s.fr\/wp-content\/uploads\/2023\/10\/drapeau-de-l-espagne-image-animee-0002.gif\" alt=\"\" width=\"48\" height=\"32\" \/><\/p>\n<p>&nbsp;<\/p>\n<p>&nbsp;<\/p>\n<figure id=\"attachment_799\" aria-describedby=\"caption-attachment-799\" style=\"width: 300px\" class=\"wp-caption alignnone\"><img loading=\"lazy\" decoding=\"async\" class=\"wp-image-799 size-medium\" src=\"http:\/\/assoc2s.fr\/wp-content\/uploads\/2025\/01\/barcelone-300x225.jpg\" alt=\"\" width=\"300\" height=\"225\" srcset=\"https:\/\/assoc2s.fr\/wp-content\/uploads\/2025\/01\/barcelone-300x225.jpg 300w, https:\/\/assoc2s.fr\/wp-content\/uploads\/2025\/01\/barcelone-1024x768.jpg 1024w, https:\/\/assoc2s.fr\/wp-content\/uploads\/2025\/01\/barcelone-768x576.jpg 768w, https:\/\/assoc2s.fr\/wp-content\/uploads\/2025\/01\/barcelone-1536x1152.jpg 1536w, https:\/\/assoc2s.fr\/wp-content\/uploads\/2025\/01\/barcelone.jpg 1600w\" sizes=\"auto, (max-width: 300px) 100vw, 300px\" \/><figcaption id=\"caption-attachment-799\" class=\"wp-caption-text\">Le groupe<\/figcaption><\/figure>\n<h3>__<\/h3>\n<h3><span style=\"color: #b01635;\"><strong>La saint Nicolas \u00e0 Nancy<\/strong><\/span><\/h3>\n<p><strong>week-end du 9-10 d\u00e9cembre 2023<\/strong><\/p>\n<p><img loading=\"lazy\" decoding=\"async\" class=\"size-medium wp-image-445 alignleft\" src=\"http:\/\/assoc2s.fr\/wp-content\/uploads\/2023\/12\/IMG-20231209-WA0062-225x300.jpg\" alt=\"\" width=\"225\" height=\"300\" srcset=\"https:\/\/assoc2s.fr\/wp-content\/uploads\/2023\/12\/IMG-20231209-WA0062-225x300.jpg 225w, https:\/\/assoc2s.fr\/wp-content\/uploads\/2023\/12\/IMG-20231209-WA0062.jpg 768w\" sizes=\"auto, (max-width: 225px) 100vw, 225px\" \/>Week end intense \u00e0 Nancy c\u00e9l\u00e9brant la Saint Nicolas. 2 jours de festivit\u00e9s o\u00f9 nous avons pu d\u00e9couvrir le magnifique d\u00e9fil\u00e9 de chars (<a href=\"http:\/\/assoc2s.fr\/wp-content\/uploads\/2023\/12\/VID-20231209-WA0070.mp4\" target=\"_blank\" rel=\"noopener\">voir la vid\u00e9o<\/a>), les diff\u00e9rents\u00a0 march\u00e9s de No\u00ebl dispers\u00e9s dans la ville, et les spectacles de rue.<img loading=\"lazy\" decoding=\"async\" class=\"wp-image-450 alignright\" src=\"http:\/\/assoc2s.fr\/wp-content\/uploads\/2023\/12\/IMG-20231210-WA0020-225x300.jpg\" alt=\"\" width=\"192\" height=\"256\" srcset=\"https:\/\/assoc2s.fr\/wp-content\/uploads\/2023\/12\/IMG-20231210-WA0020-225x300.jpg 225w, https:\/\/assoc2s.fr\/wp-content\/uploads\/2023\/12\/IMG-20231210-WA0020.jpg 768w\" sizes=\"auto, (max-width: 192px) 100vw, 192px\" \/><\/p>\n<p>Les transports en commun et les mus\u00e9es sont gratuits en cette p\u00e9riode de f\u00eate,\u00a0 nous avons pleinement profit\u00e9 de ce beau week end !<\/p>\n<p><img loading=\"lazy\" decoding=\"async\" class=\"size-medium wp-image-448 alignleft\" src=\"http:\/\/assoc2s.fr\/wp-content\/uploads\/2023\/12\/IMG-20231209-WA0036-300x138.jpg\" alt=\"\" width=\"300\" height=\"138\" srcset=\"https:\/\/assoc2s.fr\/wp-content\/uploads\/2023\/12\/IMG-20231209-WA0036-300x138.jpg 300w, https:\/\/assoc2s.fr\/wp-content\/uploads\/2023\/12\/IMG-20231209-WA0036-1024x473.jpg 1024w, https:\/\/assoc2s.fr\/wp-content\/uploads\/2023\/12\/IMG-20231209-WA0036-768x354.jpg 768w, https:\/\/assoc2s.fr\/wp-content\/uploads\/2023\/12\/IMG-20231209-WA0036-1536x709.jpg 1536w, https:\/\/assoc2s.fr\/wp-content\/uploads\/2023\/12\/IMG-20231209-WA0036.jpg 2000w\" sizes=\"auto, (max-width: 300px) 100vw, 300px\" \/><\/p>\n<h3><\/h3>\n<h3><\/h3>\n<p>&nbsp;<\/p>\n<p>&nbsp;<\/p>\n<p>&nbsp;<\/p>\n<p>&nbsp;<\/p>\n<h3>__<\/h3>\n<h3><span style=\"color: #b01635;\"><strong>V\u00e9lo \u00e0 Rambouillet<\/strong><\/span><\/h3>\n<p>Le<strong> 8 juillet 2023,<\/strong> une balade \u00e0 Rambouillet \u00e0 v\u00e9lo a \u00e9t\u00e9 organis\u00e9e. Nous nous sommes retrouv\u00e9s \u00e0 la gare de Rambouillet \u00e0 10h, sous ce beau soleil d&#8217;\u00e9t\u00e9.<\/p>\n<p>Programme : Distribution des v\u00e9los \u00e0 la gare, balade (environ 25 km)\u00a0 et pique nique (chacun a apport\u00e9 le sien).<\/p>\n<figure id=\"attachment_310\" aria-describedby=\"caption-attachment-310\" style=\"width: 135px\" class=\"wp-caption alignleft\"><img loading=\"lazy\" decoding=\"async\" class=\"wp-image-310 size-medium\" src=\"http:\/\/assoc2s.fr\/wp-content\/uploads\/2023\/07\/1688998632659-135x300.png\" alt=\"\" width=\"135\" height=\"300\" srcset=\"https:\/\/assoc2s.fr\/wp-content\/uploads\/2023\/07\/1688998632659-135x300.png 135w, https:\/\/assoc2s.fr\/wp-content\/uploads\/2023\/07\/1688998632659-460x1024.png 460w, https:\/\/assoc2s.fr\/wp-content\/uploads\/2023\/07\/1688998632659.png 575w\" sizes=\"auto, (max-width: 135px) 100vw, 135px\" \/><figcaption id=\"caption-attachment-310\" class=\"wp-caption-text\">les pique-niqueurs<\/figcaption><\/figure>\n<figure id=\"attachment_311\" aria-describedby=\"caption-attachment-311\" style=\"width: 300px\" class=\"wp-caption alignleft\"><a href=\"https:\/\/www.chateau-rambouillet.fr\/\" target=\"_blank\" rel=\"noopener\"><img loading=\"lazy\" decoding=\"async\" class=\"wp-image-311 size-medium\" src=\"http:\/\/assoc2s.fr\/wp-content\/uploads\/2023\/07\/1688998716502-300x225.png\" alt=\"\" width=\"300\" height=\"225\" srcset=\"https:\/\/assoc2s.fr\/wp-content\/uploads\/2023\/07\/1688998716502-300x225.png 300w, https:\/\/assoc2s.fr\/wp-content\/uploads\/2023\/07\/1688998716502-1024x768.png 1024w, https:\/\/assoc2s.fr\/wp-content\/uploads\/2023\/07\/1688998716502-768x576.png 768w, https:\/\/assoc2s.fr\/wp-content\/uploads\/2023\/07\/1688998716502.png 1280w\" sizes=\"auto, (max-width: 300px) 100vw, 300px\" \/><\/a><figcaption id=\"caption-attachment-311\" class=\"wp-caption-text\">le ch\u00e2teau de Rambouillet<\/figcaption><\/figure>\n<figure id=\"attachment_314\" aria-describedby=\"caption-attachment-314\" style=\"width: 135px\" class=\"wp-caption alignleft\"><a href=\"https:\/\/www.omonchateau.com\/chaumiereauxcoquillages-rambouillet\/\" target=\"_blank\" rel=\"noopener\"><img loading=\"lazy\" decoding=\"async\" class=\"wp-image-314 size-medium\" src=\"http:\/\/assoc2s.fr\/wp-content\/uploads\/2023\/07\/1688999518580-135x300.jpg\" alt=\"\" width=\"135\" height=\"300\" srcset=\"https:\/\/assoc2s.fr\/wp-content\/uploads\/2023\/07\/1688999518580-135x300.jpg 135w, https:\/\/assoc2s.fr\/wp-content\/uploads\/2023\/07\/1688999518580-461x1024.jpg 461w, https:\/\/assoc2s.fr\/wp-content\/uploads\/2023\/07\/1688999518580-768x1708.jpg 768w, https:\/\/assoc2s.fr\/wp-content\/uploads\/2023\/07\/1688999518580-691x1536.jpg 691w, https:\/\/assoc2s.fr\/wp-content\/uploads\/2023\/07\/1688999518580.jpg 921w\" sizes=\"auto, (max-width: 135px) 100vw, 135px\" \/><\/a><figcaption id=\"caption-attachment-314\" class=\"wp-caption-text\">la chaumi\u00e8re aux coquillages<\/figcaption><\/figure>\n<figure id=\"attachment_315\" aria-describedby=\"caption-attachment-315\" style=\"width: 135px\" class=\"wp-caption alignleft\"><a href=\"http:\/\/laparisienneetsesphotos.eklablog.com\/parc-du-chateau-de-rambouillet-sculpture-de-diane-appuyee-sur-un-cerf-a126698238\"><img loading=\"lazy\" decoding=\"async\" class=\"wp-image-315 size-medium\" src=\"http:\/\/assoc2s.fr\/wp-content\/uploads\/2023\/07\/1689000312814-135x300.jpg\" alt=\"\" width=\"135\" height=\"300\" srcset=\"https:\/\/assoc2s.fr\/wp-content\/uploads\/2023\/07\/1689000312814-135x300.jpg 135w, https:\/\/assoc2s.fr\/wp-content\/uploads\/2023\/07\/1689000312814-461x1024.jpg 461w, https:\/\/assoc2s.fr\/wp-content\/uploads\/2023\/07\/1689000312814-768x1707.jpg 768w, https:\/\/assoc2s.fr\/wp-content\/uploads\/2023\/07\/1689000312814-691x1536.jpg 691w, https:\/\/assoc2s.fr\/wp-content\/uploads\/2023\/07\/1689000312814.jpg 900w\" sizes=\"auto, (max-width: 135px) 100vw, 135px\" \/><\/a><figcaption id=\"caption-attachment-315\" class=\"wp-caption-text\">sculpture de Diane la chasseresse<\/figcaption><\/figure>\n<figure id=\"attachment_312\" aria-describedby=\"caption-attachment-312\" style=\"width: 238px\" class=\"wp-caption alignleft\"><img loading=\"lazy\" decoding=\"async\" class=\"wp-image-312 size-medium\" src=\"http:\/\/assoc2s.fr\/wp-content\/uploads\/2023\/07\/Capture-decran-2023-07-10-162809-238x300.jpg\" alt=\"\" width=\"238\" height=\"300\" srcset=\"https:\/\/assoc2s.fr\/wp-content\/uploads\/2023\/07\/Capture-decran-2023-07-10-162809-238x300.jpg 238w, https:\/\/assoc2s.fr\/wp-content\/uploads\/2023\/07\/Capture-decran-2023-07-10-162809.jpg 449w\" sizes=\"auto, (max-width: 238px) 100vw, 238px\" \/><figcaption id=\"caption-attachment-312\" class=\"wp-caption-text\">les cyclistes<\/figcaption><\/figure>\n<p>&nbsp;<\/p>\n<p>&nbsp;<\/p>\n<p>&nbsp;<\/p>\n<p>&nbsp;<\/p>\n<p>&nbsp;<\/p>\n<p>&nbsp;<\/p>\n<p>&nbsp;<\/p>\n<p>&nbsp;<\/p>\n<p>___<\/p>\n<h3><span style=\"color: #b01635;\"><strong>Voyage \u00e0 Londres du 10 au 13 mars 2023<\/strong><\/span><\/h3>\n<p><img loading=\"lazy\" decoding=\"async\" class=\" wp-image-169\" src=\"http:\/\/assoc2s.fr\/wp-content\/uploads\/2023\/05\/londres.jpg\" alt=\"\" width=\"494\" height=\"329\" srcset=\"https:\/\/assoc2s.fr\/wp-content\/uploads\/2023\/05\/londres.jpg 612w, https:\/\/assoc2s.fr\/wp-content\/uploads\/2023\/05\/londres-300x200.jpg 300w\" sizes=\"auto, (max-width: 494px) 100vw, 494px\" \/><\/p>\n<p>Voyage\u00a0 de 4 jours dans un h\u00f4tel 4**** face au Hyde Park qui nous a permis de profiter pleinement de la vie londonienne.<\/p>\n<p>___<\/p>\n<h3><span style=\"color: #b01635;\"><strong><b>Sortie \u00e0 Chartres : le Samedi 10 d\u00e9cembre 2022 <\/b><\/strong><\/span><\/h3>\n<p>Une belle journ\u00e9e \u00e0 la d\u00e9couverte de Chartres :<\/p>\n<p><img loading=\"lazy\" decoding=\"async\" class=\"size-full wp-image-179 alignleft\" src=\"http:\/\/assoc2s.fr\/wp-content\/uploads\/2023\/05\/chartres.png\" alt=\"\" width=\"144\" height=\"144\" \/>&#8211; visite de la cath\u00e9drale<\/p>\n<div>&#8211; visite d&#8217;un maitre verrier<\/div>\n<div>&#8211; repas en face de la cath\u00e9drale<\/div>\n<div>&#8211; temps libre au march\u00e9 de No\u00ebl<\/div>\n<div>&#8211; voyage en petit train<\/div>\n<p>&nbsp;<\/p>\n<p>___<\/p>\n<h3><span style=\"color: #b01635;\"><strong>Sortie \u00e0 Berck sur Mer le 18 juin 2022<\/strong><\/span><\/h3>\n<h2><img decoding=\"async\" src=\"https:\/\/acfmpmc.fr\/images\/berck.jpg\" alt=\"\" \/><\/h2>\n<p>La sortie \u00e0 Berck sur mer s&#8217;est d\u00e9roul\u00e9e sous un soleil magnifique et nous avons pu admirer les phoques sur la plages et go\u00fbter les sp\u00e9cialit\u00e9s du Nord dans les baraques \u00e0 frites.<\/p>\n<p>&nbsp;<\/p>\n","protected":false},"excerpt":{"rendered":"<p>Sortie \u00e0 Provins Samedi 6 juin 2026 Venez participer \u00e0 la sortie \u00e0 Provins Rendez-vous \u00e0 9h30 \u00e0 l&#8217;office du [&hellip;]<\/p>\n","protected":false},"author":2,"featured_media":0,"parent":26,"menu_order":2,"comment_status":"closed","ping_status":"closed","template":"","meta":{"site-sidebar-layout":"default","site-content-layout":"default","ast-site-content-layout":"default","site-content-style":"default","site-sidebar-style":"default","ast-global-header-display":"","ast-banner-title-visibility":"","ast-main-header-display":"","ast-hfb-above-header-display":"","ast-hfb-below-header-display":"","ast-hfb-mobile-header-display":"","site-post-title":"","ast-breadcrumbs-content":"","ast-featured-img":"","footer-sml-layout":"","theme-transparent-header-meta":"default","adv-header-id-meta":"","stick-header-meta":"","header-above-stick-meta":"","header-main-stick-meta":"","header-below-stick-meta":"","astra-migrate-meta-layouts":"set","ast-page-background-enabled":"default","ast-page-background-meta":{"desktop":{"background-color":"var(--ast-global-color-4)","background-image":"","background-repeat":"repeat","background-position":"center center","background-size":"auto","background-attachment":"scroll","background-type":"","background-media":"","overlay-type":"","overlay-color":"","overlay-opacity":"","overlay-gradient":""},"tablet":{"background-color":"","background-image":"","background-repeat":"repeat","background-position":"center center","background-size":"auto","background-attachment":"scroll","background-type":"","background-media":"","overlay-type":"","overlay-color":"","overlay-opacity":"","overlay-gradient":""},"mobile":{"background-color":"","background-image":"","background-repeat":"repeat","background-position":"center center","background-size":"auto","background-attachment":"scroll","background-type":"","background-media":"","overlay-type":"","overlay-color":"","overlay-opacity":"","overlay-gradient":""}},"ast-content-background-meta":{"desktop":{"background-color":"var(--ast-global-color-5)","background-image":"","background-repeat":"repeat","background-position":"center center","background-size":"auto","background-attachment":"scroll","background-type":"","background-media":"","overlay-type":"","overlay-color":"","overlay-opacity":"","overlay-gradient":""},"tablet":{"background-color":"var(--ast-global-color-5)","background-image":"","background-repeat":"repeat","background-position":"center center","background-size":"auto","background-attachment":"scroll","background-type":"","background-media":"","overlay-type":"","overlay-color":"","overlay-opacity":"","overlay-gradient":""},"mobile":{"background-color":"var(--ast-global-color-5)","background-image":"","background-repeat":"repeat","background-position":"center center","background-size":"auto","background-attachment":"scroll","background-type":"","background-media":"","overlay-type":"","overlay-color":"","overlay-opacity":"","overlay-gradient":""}},"footnotes":""},"class_list":["post-47","page","type-page","status-publish","hentry"],"_links":{"self":[{"href":"https:\/\/assoc2s.fr\/index.php\/wp-json\/wp\/v2\/pages\/47","targetHints":{"allow":["GET"]}}],"collection":[{"href":"https:\/\/assoc2s.fr\/index.php\/wp-json\/wp\/v2\/pages"}],"about":[{"href":"https:\/\/assoc2s.fr\/index.php\/wp-json\/wp\/v2\/types\/page"}],"author":[{"embeddable":true,"href":"https:\/\/assoc2s.fr\/index.php\/wp-json\/wp\/v2\/users\/2"}],"replies":[{"embeddable":true,"href":"https:\/\/assoc2s.fr\/index.php\/wp-json\/wp\/v2\/comments?post=47"}],"version-history":[{"count":31,"href":"https:\/\/assoc2s.fr\/index.php\/wp-json\/wp\/v2\/pages\/47\/revisions"}],"predecessor-version":[{"id":1061,"href":"https:\/\/assoc2s.fr\/index.php\/wp-json\/wp\/v2\/pages\/47\/revisions\/1061"}],"up":[{"embeddable":true,"href":"https:\/\/assoc2s.fr\/index.php\/wp-json\/wp\/v2\/pages\/26"}],"wp:attachment":[{"href":"https:\/\/assoc2s.fr\/index.php\/wp-json\/wp\/v2\/media?parent=47"}],"curies":[{"name":"wp","href":"https:\/\/api.w.org\/{rel}","templated":true}]}}