{"id":49,"date":"2023-05-01T20:17:08","date_gmt":"2023-05-01T18:17:08","guid":{"rendered":"http:\/\/asso.acfmpmc.fr\/?page_id=49"},"modified":"2025-12-04T14:37:28","modified_gmt":"2025-12-04T13:37:28","slug":"moments-conviviaux","status":"publish","type":"page","link":"https:\/\/assoc2s.fr\/index.php\/vie-de-lassociation\/moments-conviviaux\/","title":{"rendered":"Moments conviviaux"},"content":{"rendered":"\r\n<h3 class=\"wp-block-heading\"><span style=\"color: #b01635;\"><strong>\ud83c\udf84<\/strong><strong> D\u00e9fi du pull de No\u00ebl<\/strong><\/span><\/h3>\r\n<p><strong>Jeudi 11 d\u00e9cembre 2025<img loading=\"lazy\" decoding=\"async\" class=\" wp-image-988 alignright\" src=\"http:\/\/assoc2s.fr\/wp-content\/uploads\/2025\/12\/pull-300x300.jpg\" alt=\"\" width=\"194\" height=\"194\" srcset=\"https:\/\/assoc2s.fr\/wp-content\/uploads\/2025\/12\/pull-300x300.jpg 300w, https:\/\/assoc2s.fr\/wp-content\/uploads\/2025\/12\/pull-150x150.jpg 150w, https:\/\/assoc2s.fr\/wp-content\/uploads\/2025\/12\/pull-768x768.jpg 768w, https:\/\/assoc2s.fr\/wp-content\/uploads\/2025\/12\/pull.jpg 1024w\" sizes=\"auto, (max-width: 194px) 100vw, 194px\" \/><\/strong><\/p>\r\n<p>\ud83e\udde3 R\u00e8gle du jeu : Chaque participant porte un pull de No\u00ebl ce jour l\u00e0 (kitsch, mignon, dr\u00f4le\u2026 tout est permis).<br \/>Photographiez-vous en \u00e9quipe ou en solo et envoyez les photos \u00e0\u00a0<a href=\"https:\/\/eye.sbc31.net\/c?p=wAbNCMrDxBBSY1bQgwHQ3UxX0LzoHE_wNDnQtsQQ0N1a0MzQ3QbQxkFH0IJeJNDdKNC5OdC4uWh0dHBzOi8vYWNmbXBtY0BnbWFpbC5jb224NWRlZTIwNWRiOTVjZWUzM2UwNDdlN2Yz2SQyYjMxMTc1My0xYzg5LTRmYTUtOGJjZi0yMDk2ZTRmMDE1NTnAtm54YlprNWwzUXd1RVFTSGhQS0NHNGetZXllLnNiYzMxLm5ldMQUL9CQF9C8LuBl0J_QyTV-XNCq0MXQjyTnSOhM\" data-link-type=\"mailto\" data-link-id=\"3VrM3QbGQUeCXiTdKLk5uA\">acfmpmc@gmail.com<\/a><\/p>\r\n<p>Le jury r\u00e9compensera les gagnants.<\/p>\r\n<h3>__<\/h3>\r\n<h3><strong><span style=\"color: #b01635;\">F\u00eate de l&#8217;\u00e9t\u00e9 2025<br \/><\/span><\/strong><\/h3>\r\n<p><img loading=\"lazy\" decoding=\"async\" class=\"size-medium wp-image-898 alignleft\" src=\"http:\/\/assoc2s.fr\/wp-content\/uploads\/2025\/07\/ete-2025-212x300.png\" alt=\"\" width=\"212\" height=\"300\" srcset=\"https:\/\/assoc2s.fr\/wp-content\/uploads\/2025\/07\/ete-2025-212x300.png 212w, https:\/\/assoc2s.fr\/wp-content\/uploads\/2025\/07\/ete-2025.png 595w\" sizes=\"auto, (max-width: 212px) 100vw, 212px\" \/><\/p>\r\n<p>La f\u00eate se d\u00e9roulera sur le parvis du 91 bd de l&#8217;h\u00f4pital<\/p>\r\n<p><strong>Le 3 juillet 2025 de 12h \u00e0 14h<\/strong><\/p>\r\n<p><strong>Billets \u00e0 3 euros<\/strong> donnant droit \u00e0 une glace au choix et la participation \u00e0 la tombola.<\/p>\r\n<p>Tournoi de ping-pong et de babyfoot<\/p>\r\n<h3>\u00a0<\/h3>\r\n<p>&nbsp;<\/p>\r\n<h3>__<\/h3>\r\n<h3><strong><span style=\"color: #b01635;\">Bur&#8217;odyss\u00e9e 2024<\/span><\/strong><\/h3>\r\n<p>Voici les bureaux qui participent au bur&#8217;odys\u00e9e. Demandez votre carnet et collectionnez les tampons :\u00a0<\/p>\r\n<ul>\r\n<li>Bureau d&#8217;appui \u00e0 la p\u00e9dagogie, bureau 8 au riz de chauss\u00e9e, 91 bd d l&#8217;h\u00f4pital<\/li>\r\n<li>Bureau de la direction g\u00e9n\u00e9rale, 1er \u00e9tage, 91 bd d l&#8217;h\u00f4pital\u00a0<\/li>\r\n<li>Bureau des relations Internationales, bureau 202, 91 bd d l&#8217;h\u00f4pital<\/li>\r\n<li>Secr\u00e9tariat du doyen, 1er \u00e9tage, 91 bd d l&#8217;h\u00f4pital<\/li>\r\n<\/ul>\r\n<p>Vous pouvez participer encore et demander votre tampon si vous avez d\u00e9cor\u00e9 votre bureau.<\/p>\r\n<p>___<\/p>\r\n<h3 class=\"wp-block-heading\"><span style=\"color: #b01635;\"><strong>F<span style=\"color: #b01635;\">\u00eate de l&#8217;\u00e9t\u00e9 2024 <\/span><\/strong><\/span><\/h3>\r\n\r\n\r\n\r\n<figure class=\"wp-block-image alignright\"><img loading=\"lazy\" decoding=\"async\" width=\"171\" height=\"300\" class=\"wp-image-576\" src=\"http:\/\/assoc2s.fr\/wp-content\/uploads\/2024\/04\/124189907-illustrations-de-la-cuisine-espagnole-tapas-paella-sangria-confiture-n-churros-calcots-171x300.jpg\" alt=\"\" srcset=\"https:\/\/assoc2s.fr\/wp-content\/uploads\/2024\/04\/124189907-illustrations-de-la-cuisine-espagnole-tapas-paella-sangria-confiture-n-churros-calcots-171x300.jpg 171w, https:\/\/assoc2s.fr\/wp-content\/uploads\/2024\/04\/124189907-illustrations-de-la-cuisine-espagnole-tapas-paella-sangria-confiture-n-churros-calcots-584x1024.jpg 584w, https:\/\/assoc2s.fr\/wp-content\/uploads\/2024\/04\/124189907-illustrations-de-la-cuisine-espagnole-tapas-paella-sangria-confiture-n-churros-calcots.jpg 742w\" sizes=\"auto, (max-width: 171px) 100vw, 171px\" \/><\/figure>\r\n\r\n\r\n\r\n<p>sous une ambiance espagnole, au programme :<\/p>\r\n\r\n\r\n\r\n<p class=\"has-ast-global-color-8-color has-text-color has-link-color wp-elements-075dc732e8774709934ab925ca8ace18\">&#8211; un repas fa\u00e7on tapas, une paella, une\u00a0 boisson, un dessert<br \/>&#8211; un bon pour jouer \u00e0 notre tombola<br \/>&#8211; un acc\u00e8s aux jeux en bois qui seront install\u00e9s devant le 91 bd de l&#8217;h\u00f4pital<br \/>&#8211; une ambiance joyeuse<br \/>&#8211; du soleil<\/p>\r\n\r\n\r\n\r\n<h3 class=\"wp-block-heading\">__<\/h3>\r\n\r\n\r\n\r\n<h3 class=\"wp-block-heading\"><span style=\"color: #b01635;\"><strong>F\u00eate de l&#8217;\u00e9t\u00e9 2023<\/strong><\/span><\/h3>\r\n\r\n\r\n\r\n<figure class=\"wp-block-image alignleft\"><img loading=\"lazy\" decoding=\"async\" width=\"300\" height=\"170\" class=\"wp-image-320\" src=\"http:\/\/assoc2s.fr\/wp-content\/uploads\/2023\/07\/Capture-decran-2023-07-10-170004-300x170.jpg\" alt=\"\" srcset=\"https:\/\/assoc2s.fr\/wp-content\/uploads\/2023\/07\/Capture-decran-2023-07-10-170004-300x170.jpg 300w, https:\/\/assoc2s.fr\/wp-content\/uploads\/2023\/07\/Capture-decran-2023-07-10-170004-1024x579.jpg 1024w, https:\/\/assoc2s.fr\/wp-content\/uploads\/2023\/07\/Capture-decran-2023-07-10-170004-768x435.jpg 768w, https:\/\/assoc2s.fr\/wp-content\/uploads\/2023\/07\/Capture-decran-2023-07-10-170004.jpg 1048w\" sizes=\"auto, (max-width: 300px) 100vw, 300px\" \/><\/figure>\r\n\r\n\r\n\r\n<p>La f\u00eate de l&#8217;\u00e9t\u00e9 a eu lieu le <strong>29 juin 2023<\/strong>, au programme : <strong><br \/><\/strong><\/p>\r\n\r\n\r\n\r\n<ul class=\"wp-block-list\">\r\n<li>foodstruck empanadas \u00e0 la mode argentine<\/li>\r\n\r\n\r\n\r\n<li>Glaces Martinez<\/li>\r\n\r\n\r\n\r\n<li>Animations, musique<\/li>\r\n\r\n\r\n\r\n<li>la surprise : danse en compagnie d&#8217;un danseur professionnel<\/li>\r\n<\/ul>\r\n\r\n\r\n\r\n<p>&nbsp;<\/p>\r\n\r\n\r\n\r\n<figure class=\"wp-block-image alignleft wp-image-319 size-medium\"><img loading=\"lazy\" decoding=\"async\" width=\"225\" height=\"300\" class=\"wp-image-319\" src=\"http:\/\/assoc2s.fr\/wp-content\/uploads\/2023\/07\/1689000891672-225x300.jpg\" alt=\"\" srcset=\"https:\/\/assoc2s.fr\/wp-content\/uploads\/2023\/07\/1689000891672-225x300.jpg 225w, https:\/\/assoc2s.fr\/wp-content\/uploads\/2023\/07\/1689000891672-768x1024.jpg 768w, https:\/\/assoc2s.fr\/wp-content\/uploads\/2023\/07\/1689000891672-1152x1536.jpg 1152w, https:\/\/assoc2s.fr\/wp-content\/uploads\/2023\/07\/1689000891672.jpg 1200w\" sizes=\"auto, (max-width: 225px) 100vw, 225px\" \/>\r\n<figcaption class=\"wp-element-caption\">Empanadas<\/figcaption>\r\n<\/figure>\r\n\r\n\r\n\r\n<figure class=\"wp-block-image alignleft wp-image-317 size-medium\"><img loading=\"lazy\" decoding=\"async\" width=\"225\" height=\"300\" class=\"wp-image-317\" src=\"http:\/\/assoc2s.fr\/wp-content\/uploads\/2023\/07\/1688583521872-225x300.jpg\" alt=\"\" srcset=\"https:\/\/assoc2s.fr\/wp-content\/uploads\/2023\/07\/1688583521872-225x300.jpg 225w, https:\/\/assoc2s.fr\/wp-content\/uploads\/2023\/07\/1688583521872-768x1024.jpg 768w, https:\/\/assoc2s.fr\/wp-content\/uploads\/2023\/07\/1688583521872-1152x1536.jpg 1152w, https:\/\/assoc2s.fr\/wp-content\/uploads\/2023\/07\/1688583521872.jpg 1200w\" sizes=\"auto, (max-width: 225px) 100vw, 225px\" \/>\r\n<figcaption class=\"wp-element-caption\">glaces Martinez<\/figcaption>\r\n<\/figure>\r\n\r\n\r\n\r\n<figure class=\"wp-block-image alignleft wp-image-318 size-medium\"><img loading=\"lazy\" decoding=\"async\" width=\"225\" height=\"300\" class=\"wp-image-318\" src=\"http:\/\/assoc2s.fr\/wp-content\/uploads\/2023\/07\/1688583521918-225x300.jpg\" alt=\"\" srcset=\"https:\/\/assoc2s.fr\/wp-content\/uploads\/2023\/07\/1688583521918-225x300.jpg 225w, https:\/\/assoc2s.fr\/wp-content\/uploads\/2023\/07\/1688583521918-768x1024.jpg 768w, https:\/\/assoc2s.fr\/wp-content\/uploads\/2023\/07\/1688583521918-1152x1536.jpg 1152w, https:\/\/assoc2s.fr\/wp-content\/uploads\/2023\/07\/1688583521918.jpg 1200w\" sizes=\"auto, (max-width: 225px) 100vw, 225px\" \/>\r\n<figcaption class=\"wp-element-caption\">sur le parvis du 91<\/figcaption>\r\n<\/figure>\r\n\r\n\r\n\r\n<p>&nbsp;<\/p>\r\n\r\n\r\n\r\n<p>&nbsp;<\/p>\r\n\r\n\r\n\r\n<p>&nbsp;<\/p>\r\n\r\n\r\n\r\n<p>&nbsp;<\/p>\r\n\r\n\r\n\r\n<p>&nbsp;<\/p>\r\n\r\n\r\n\r\n<p>&nbsp;<\/p>\r\n\r\n\r\n\r\n<p>&nbsp;<\/p>\r\n\r\n\r\n\r\n<p>&nbsp;<\/p>\r\n\r\n\r\n\r\n<p>___<\/p>\r\n\r\n\r\n\r\n<h3 class=\"wp-block-heading\"><span style=\"color: #b01635;\"><strong>Concours de d\u00e9coration de bureau de Noel 2022<\/strong><\/span><\/h3>\r\n\r\n\r\n\r\n<figure class=\"wp-block-image alignleft\"><img loading=\"lazy\" decoding=\"async\" width=\"300\" height=\"224\" class=\"wp-image-183\" src=\"http:\/\/assoc2s.fr\/wp-content\/uploads\/2023\/05\/bureau-noel-300x224.jpg\" alt=\"\" srcset=\"https:\/\/assoc2s.fr\/wp-content\/uploads\/2023\/05\/bureau-noel-300x224.jpg 300w, https:\/\/assoc2s.fr\/wp-content\/uploads\/2023\/05\/bureau-noel.jpg 600w\" sizes=\"auto, (max-width: 300px) 100vw, 300px\" \/><\/figure>\r\n\r\n\r\n\r\n<p>&nbsp;<\/p>\r\n\r\n\r\n\r\n<p>Vous aimez les guirlandes color\u00e9es, les sapins d\u00e9cor\u00e9es et petits biscuits \u00e0 la cannelle?<br \/>Ce concours est pour vous :\u00a0 il est ouvert sans condition.<\/p>\r\n\r\n\r\n\r\n<p>&#8211; inscrivez vous aupr\u00e8s de l&#8217;association qu&#8217;on n&#8217;oublie pas de passer voir votre bureau magnifiquement d\u00e9cor\u00e9<br \/>&#8211; un jury impartial visitera les bureaux candidats entre le 5 et le 12 d\u00e9cembre<br \/>&#8211; remise des prix la semaine du 12 au 16 d\u00e9cembre 2022<\/p>\r\n\r\n\r\n\r\n<p>&nbsp;<\/p>\r\n\r\n\r\n\r\n<p>___<\/p>\r\n\r\n\r\n\r\n<h3 class=\"wp-block-heading\"><span style=\"color: #b01635;\"><strong>F\u00eate de l&#8217;\u00e9t\u00e9, juillet 2021<\/strong><\/span><\/h3>\r\n\r\n\r\n\r\n<p>Lors de nos petites f\u00eates de l&#8217;\u00e9t\u00e9, nous faisons venir un food truck devant la facult\u00e9 et tout le monde passe un moment ensemble. Les r\u00e9sultat de la tombola am\u00e8nent de jolies surprises.<br \/><img loading=\"lazy\" decoding=\"async\" src=\"https:\/\/acfmpmc.fr\/images\/fetes\/glacesMartinez.jpg\" alt=\"\" width=\"302\" height=\"200\" \/> <img decoding=\"async\" src=\"https:\/\/acfmpmc.fr\/images\/fetes\/Fete1-300x200.jpg\" alt=\"\" \/> <img decoding=\"async\" src=\"https:\/\/acfmpmc.fr\/images\/fetes\/fete2-300x200.jpg\" alt=\"\" \/><\/p>\r\n","protected":false},"excerpt":{"rendered":"<p>\ud83c\udf84 D\u00e9fi du pull de No\u00ebl Jeudi 11 d\u00e9cembre 2025 \ud83e\udde3 R\u00e8gle du jeu : Chaque participant porte un pull [&hellip;]<\/p>\n","protected":false},"author":2,"featured_media":0,"parent":26,"menu_order":3,"comment_status":"closed","ping_status":"closed","template":"","meta":{"site-sidebar-layout":"default","site-content-layout":"default","ast-site-content-layout":"default","site-content-style":"default","site-sidebar-style":"default","ast-global-header-display":"","ast-banner-title-visibility":"","ast-main-header-display":"","ast-hfb-above-header-display":"","ast-hfb-below-header-display":"","ast-hfb-mobile-header-display":"","site-post-title":"","ast-breadcrumbs-content":"","ast-featured-img":"","footer-sml-layout":"","theme-transparent-header-meta":"default","adv-header-id-meta":"","stick-header-meta":"","header-above-stick-meta":"","header-main-stick-meta":"","header-below-stick-meta":"","astra-migrate-meta-layouts":"set","ast-page-background-enabled":"default","ast-page-background-meta":{"desktop":{"background-color":"var(--ast-global-color-4)","background-image":"","background-repeat":"repeat","background-position":"center center","background-size":"auto","background-attachment":"scroll","background-type":"","background-media":"","overlay-type":"","overlay-color":"","overlay-opacity":"","overlay-gradient":""},"tablet":{"background-color":"","background-image":"","background-repeat":"repeat","background-position":"center center","background-size":"auto","background-attachment":"scroll","background-type":"","background-media":"","overlay-type":"","overlay-color":"","overlay-opacity":"","overlay-gradient":""},"mobile":{"background-color":"","background-image":"","background-repeat":"repeat","background-position":"center center","background-size":"auto","background-attachment":"scroll","background-type":"","background-media":"","overlay-type":"","overlay-color":"","overlay-opacity":"","overlay-gradient":""}},"ast-content-background-meta":{"desktop":{"background-color":"var(--ast-global-color-5)","background-image":"","background-repeat":"repeat","background-position":"center center","background-size":"auto","background-attachment":"scroll","background-type":"","background-media":"","overlay-type":"","overlay-color":"","overlay-opacity":"","overlay-gradient":""},"tablet":{"background-color":"var(--ast-global-color-5)","background-image":"","background-repeat":"repeat","background-position":"center center","background-size":"auto","background-attachment":"scroll","background-type":"","background-media":"","overlay-type":"","overlay-color":"","overlay-opacity":"","overlay-gradient":""},"mobile":{"background-color":"var(--ast-global-color-5)","background-image":"","background-repeat":"repeat","background-position":"center center","background-size":"auto","background-attachment":"scroll","background-type":"","background-media":"","overlay-type":"","overlay-color":"","overlay-opacity":"","overlay-gradient":""}},"footnotes":""},"class_list":["post-49","page","type-page","status-publish","hentry"],"_links":{"self":[{"href":"https:\/\/assoc2s.fr\/index.php\/wp-json\/wp\/v2\/pages\/49","targetHints":{"allow":["GET"]}}],"collection":[{"href":"https:\/\/assoc2s.fr\/index.php\/wp-json\/wp\/v2\/pages"}],"about":[{"href":"https:\/\/assoc2s.fr\/index.php\/wp-json\/wp\/v2\/types\/page"}],"author":[{"embeddable":true,"href":"https:\/\/assoc2s.fr\/index.php\/wp-json\/wp\/v2\/users\/2"}],"replies":[{"embeddable":true,"href":"https:\/\/assoc2s.fr\/index.php\/wp-json\/wp\/v2\/comments?post=49"}],"version-history":[{"count":9,"href":"https:\/\/assoc2s.fr\/index.php\/wp-json\/wp\/v2\/pages\/49\/revisions"}],"predecessor-version":[{"id":989,"href":"https:\/\/assoc2s.fr\/index.php\/wp-json\/wp\/v2\/pages\/49\/revisions\/989"}],"up":[{"embeddable":true,"href":"https:\/\/assoc2s.fr\/index.php\/wp-json\/wp\/v2\/pages\/26"}],"wp:attachment":[{"href":"https:\/\/assoc2s.fr\/index.php\/wp-json\/wp\/v2\/media?parent=49"}],"curies":[{"name":"wp","href":"https:\/\/api.w.org\/{rel}","templated":true}]}}