{"id":59,"date":"2023-05-01T20:23:02","date_gmt":"2023-05-01T18:23:02","guid":{"rendered":"http:\/\/asso.acfmpmc.fr\/?page_id=59"},"modified":"2026-03-05T10:23:39","modified_gmt":"2026-03-05T09:23:39","slug":"musee","status":"publish","type":"page","link":"https:\/\/assoc2s.fr\/index.php\/billetterie\/musee\/","title":{"rendered":"Mus\u00e9e"},"content":{"rendered":"\r\n\r\n\r\n\r\n\r\n\r\n\r\n<h3 class=\"wp-block-heading\"><span style=\"color: #b01635;\"><strong>Henri Rousseau, l\u2019ambition de la peinture<\/strong><\/span><\/h3>\r\n<p><img loading=\"lazy\" decoding=\"async\" class=\"wp-image-1054 alignleft\" src=\"http:\/\/assoc2s.fr\/wp-content\/uploads\/2026\/03\/rousseau-234x300.png\" alt=\"\" width=\"137\" height=\"176\" srcset=\"https:\/\/assoc2s.fr\/wp-content\/uploads\/2026\/03\/rousseau-234x300.png 234w, https:\/\/assoc2s.fr\/wp-content\/uploads\/2026\/03\/rousseau.png 474w\" sizes=\"auto, (max-width: 137px) 100vw, 137px\" \/><\/p>\r\n<p>Mus\u00e9e de l&#8217;orangerie<\/p>\r\n<p><strong>Du 25 mars au 20 juillet 2026<\/strong><\/p>\r\n<p><strong>10 euros <\/strong>au lieu de 12,5 euros<\/p>\r\n<p>Le mus\u00e9e de l\u2019Orangerie organise, en collaboration avec la Fondation Barnes \u00e0 Philadelphie, une exposition monographique autour du peintre Henri Rousseau, rassemblant des pr\u00eats majeurs d\u2019institutions internationales.\u00a0<\/p>\r\n<h3>__<\/h3>\r\n<h3><span style=\"color: #b01635;\"><strong>Exposition Renoir et l&#8217;amour<\/strong><\/span><\/h3>\r\n<p><img loading=\"lazy\" decoding=\"async\" class=\" wp-image-1052 alignright\" src=\"http:\/\/assoc2s.fr\/wp-content\/uploads\/2026\/03\/pp.png\" alt=\"\" width=\"174\" height=\"232\" \/>Mus\u00e9e d&#8217;Orsay<\/p>\r\n<p><strong>Du 17 mars au 19 juillet 2026<\/strong><\/p>\r\n<p>Les tableaux color\u00e9s et joyeux d\u2019Auguste Renoir, son iconographie des guinguettes et des bals publics, ont fait de lui un \u00ab peintre du bonheur \u00bb. Cette r\u00e9putation a parfois conduit \u00e0 le marginaliser parmi les grands peintres de la modernit\u00e9, au motif que celle-ci ne saurait \u00eatre que m\u00e9lancolique ou ironique, d\u00e9sabus\u00e9e ou d\u00e9senchant\u00e9e. Son \u0153uvre propose pourtant une r\u00e9flexion originale sur la modernit\u00e9, plac\u00e9e sous le signe de l\u2019amour, entendu \u00e0 la fois comme force r\u00e9gissant les relations humaines et comme sentiment guidant le regard de l\u2019artiste sur ses mod\u00e8les, sur le monde et sur la peinture elle-m\u00eame.<\/p>\r\n<p>Tarif :\u00a0<strong>13 euros <\/strong>au lieu de 16 euros<\/p>\r\n<h3>__<\/h3>\r\n<h3><span style=\"color: #b01635;\"><strong>Exposition Leonora Carrington<\/strong><\/span><\/h3>\r\n<p><em><img loading=\"lazy\" decoding=\"async\" class=\"wp-image-1040 alignleft\" src=\"http:\/\/assoc2s.fr\/wp-content\/uploads\/2026\/03\/Leonora-carrington-251x300.png\" alt=\"\" width=\"163\" height=\"195\" srcset=\"https:\/\/assoc2s.fr\/wp-content\/uploads\/2026\/03\/Leonora-carrington-251x300.png 251w, https:\/\/assoc2s.fr\/wp-content\/uploads\/2026\/03\/Leonora-carrington.png 715w\" sizes=\"auto, (max-width: 163px) 100vw, 163px\" \/><\/em><\/p>\r\n<p><em>Mus\u00e9e du Luxembourg<\/em><\/p>\r\n<p>Avec 126 \u0153uvres r\u00e9unies, c\u2019est la premi\u00e8re exposition d\u2019envergure en France d\u00e9di\u00e9e \u00e0 cette artiste surr\u00e9aliste, visionnaire, libre. Une femme qui a travers\u00e9 le XX<sup>e<\/sup> si\u00e8cle en inventant ses propres mondes.\u00a0<\/p>\r\n<p><strong>9 euros<\/strong> au lieu de 14 euros<\/p>\r\n<h3>\u00a0<\/h3>\r\n<h3>__<\/h3>\r\n<p>&nbsp;<\/p>\r\n<h3><span style=\"color: #b01635;\"><strong>Manga, tout un art<\/strong><\/span><\/h3>\r\n<p><img loading=\"lazy\" decoding=\"async\" class=\" wp-image-1012 alignright\" src=\"http:\/\/assoc2s.fr\/wp-content\/uploads\/2026\/01\/manga-300x300.png\" alt=\"\" width=\"246\" height=\"246\" srcset=\"https:\/\/assoc2s.fr\/wp-content\/uploads\/2026\/01\/manga-300x300.png 300w, https:\/\/assoc2s.fr\/wp-content\/uploads\/2026\/01\/manga-150x150.png 150w, https:\/\/assoc2s.fr\/wp-content\/uploads\/2026\/01\/manga.png 600w\" sizes=\"auto, (max-width: 246px) 100vw, 246px\" \/>Mus\u00e9e Guimet<\/p>\r\n<p><strong>jusqu&#8217;au 19 mars 2026<\/strong><\/p>\r\n<p>L\u2019exposition l\u00e8ve le voile sur la naissance et l\u2019\u00e9volution complexe de la\u00a0bande dessin\u00e9e japonaise. Elle propose un voyage \u00e0 travers plus d\u2019un si\u00e8cle de cr\u00e9ation graphique.<\/p>\r\n<p>Tarif :\u00a0<strong>9 euros\u00a0<\/strong><\/p>\r\n<h3>__<\/h3>\r\n<h3><span style=\"color: #b01635;\"><strong>Plan\u00e8te pr\u00e9historique, dinosaures \u00e0 Paris<\/strong><\/span><\/h3>\r\n<p><img loading=\"lazy\" decoding=\"async\" class=\"size-medium wp-image-1024 alignleft\" src=\"http:\/\/assoc2s.fr\/wp-content\/uploads\/2026\/01\/dinosaures-300x224.png\" alt=\"\" width=\"300\" height=\"224\" srcset=\"https:\/\/assoc2s.fr\/wp-content\/uploads\/2026\/01\/dinosaures-300x224.png 300w, https:\/\/assoc2s.fr\/wp-content\/uploads\/2026\/01\/dinosaures.png 715w\" sizes=\"auto, (max-width: 300px) 100vw, 300px\" \/>Atelier des lumi\u00e8res<\/p>\r\n<p><strong>jusqu&#8217;au 8 mars 2026<\/strong><\/p>\r\n<p>Remontez le temps de 66 millions d&#8217;ann\u00e9es pour un voyage fascinant \u00e0 l&#8217;\u00e8re des dinosaures avec cette cr\u00e9ation spectaculaire issue de la s\u00e9rie documentaire \u00e0 succ\u00e8s\u00a0Plan\u00e8te Pr\u00e9historique\u00a0d&#8217;Apple TV. Narr\u00e9e par G\u00e9rard Lanvin, cette exp\u00e9rience vous plonge dans les paysages grandioses de la Terre pr\u00e9historique et sa faune impressionnante. L&#8217;acteur de renom G\u00e9rard Lanvin pr\u00eate sa voix \u00e0 ce voyage temporel unique et vous guide dans l&#8217;univers fascinant des dinosaures et des cr\u00e9atures pr\u00e9historiques, des pt\u00e9rosaures aux mosasaures, jusqu&#8217;au mythique Tyrannosaurus rex.<br \/>Billet horodat\u00e9,\u00a0Tarif :\u00a0<strong>10 euros\u00a0<\/strong><\/p>\r\n<p>&nbsp;<\/p>\r\n<p>___<\/p>\r\n<h3><span style=\"color: #b01635;\"><strong>Visite conf\u00e9rence :\u00a0 Chine. Empreintes du pass\u00e9<\/strong><\/span><\/h3>\r\n<p><img loading=\"lazy\" decoding=\"async\" class=\" wp-image-984 alignleft\" src=\"http:\/\/assoc2s.fr\/wp-content\/uploads\/2025\/12\/chine-300x300.png\" alt=\"\" width=\"250\" height=\"250\" srcset=\"https:\/\/assoc2s.fr\/wp-content\/uploads\/2025\/12\/chine-300x300.png 300w, https:\/\/assoc2s.fr\/wp-content\/uploads\/2025\/12\/chine-150x150.png 150w, https:\/\/assoc2s.fr\/wp-content\/uploads\/2025\/12\/chine.png 410w\" sizes=\"auto, (max-width: 250px) 100vw, 250px\" \/><br \/><strong>D\u00e9couverte de l\u2019antiquit\u00e9 et renouveau des arts. 1786-1955,\u00a0<\/strong><strong>le samedi 14 mars 2026 \u00e0 10h30<\/strong><\/p>\r\n<p>Venez d\u00e9couvrir avec la conf\u00e9renci\u00e8re Constance Barreault les empreintes du pass\u00e9 en Chine.<\/p>\r\n<p><a href=\"https:\/\/www.cernuschi.paris.fr\/fr\/expositions\/chine-empreintes-du-passe-decouverte-de-lantiquite-et-renouveau-des-arts-1786-1955\" target=\"_blank\" rel=\"noopener\">En savoir plus<\/a><\/p>\r\n<p><strong>15 euros<\/strong> la visite (entr\u00e9e incluse)<\/p>\r\n<p>&nbsp;<\/p>\r\n<h3>__<\/h3>\r\n<h3><span style=\"color: #b01635;\"><strong>Exposition Kandinsky<\/strong><\/span><\/h3>\r\n<p><img loading=\"lazy\" decoding=\"async\" class=\"wp-image-970 alignright\" src=\"http:\/\/assoc2s.fr\/wp-content\/uploads\/2025\/11\/kandinsky-234x300.png\" alt=\"\" width=\"197\" height=\"252\" srcset=\"https:\/\/assoc2s.fr\/wp-content\/uploads\/2025\/11\/kandinsky-234x300.png 234w, https:\/\/assoc2s.fr\/wp-content\/uploads\/2025\/11\/kandinsky.png 511w\" sizes=\"auto, (max-width: 197px) 100vw, 197px\" \/>Philharmonie de Paris<\/p>\r\n<p><strong>jusqu&#8217;au 1 f\u00e9vrier 2026<\/strong><\/p>\r\n<p>Rarement la musique a jou\u00e9 un r\u00f4le aussi important dans l\u2019\u0153uvre d\u2019un peintre que pour Vassily Kandinsky. En pr\u00e9sentant pr\u00e8s de 200 \u0153uvres et objets de son atelier, le Mus\u00e9e de la musique-Philharmonie de Paris et le Mus\u00e9e national d\u2019art moderne-Centre Georges Pompidou s\u2019associent pour d\u00e9voiler la place fondamentale de la musique dans son quotidien, dans sa vocation d\u2019artiste et dans l\u2019\u00e9volution de sa pratique vers l\u2019abstraction.\u00a0 l\u2019\u00e9poque.\u00a0<\/p>\r\n<p>Tarif :\u00a0<strong>9 euros <\/strong>au lieu de 15 euros<\/p>\r\n<p>___<\/p>\r\n<h3><span style=\"color: #b01635;\"><strong>Mus\u00e9e Jacquemart Andr\u00e9<\/strong><\/span><\/h3>\r\n<p><strong>12 euros au lieu de 18,5 \u20ac, et 7 euros\u00a0 (de 7 \u00e0 25 ans)<img loading=\"lazy\" decoding=\"async\" class=\" wp-image-964 alignright\" src=\"http:\/\/assoc2s.fr\/wp-content\/uploads\/2025\/11\/jacquemard-225x300.png\" alt=\"\" width=\"192\" height=\"256\" srcset=\"https:\/\/assoc2s.fr\/wp-content\/uploads\/2025\/11\/jacquemard-225x300.png 225w, https:\/\/assoc2s.fr\/wp-content\/uploads\/2025\/11\/jacquemard.png 494w\" sizes=\"auto, (max-width: 192px) 100vw, 192px\" \/><\/strong><\/p>\r\n<p>Le Mus\u00e9e Jacquemart-Andr\u00e9 poursuit son exploration des ma\u00eetres influenc\u00e9s par la r\u00e9volution du caravagisme en mettant \u00e0 l\u2019honneur <strong>Georges de La Tour<\/strong> (1593-1652). Cette r\u00e9trospective sera la premi\u00e8re consacr\u00e9e \u00e0 l\u2019artiste en France depuis l\u2019exposition historique du Grand Palais en 1997.<\/p>\r\n<p><strong>Du 11 septembre 2025 au 25 janvier 2026<\/strong><\/p>\r\n<p>__<\/p>\r\n<h3><span style=\"color: #b01635;\"><strong>Orangerie<\/strong><\/span><\/h3>\r\n<p><img loading=\"lazy\" decoding=\"async\" class=\" wp-image-965 alignleft\" src=\"http:\/\/assoc2s.fr\/wp-content\/uploads\/2025\/11\/orangerie-225x300.jpg\" alt=\"\" width=\"176\" height=\"235\" srcset=\"https:\/\/assoc2s.fr\/wp-content\/uploads\/2025\/11\/orangerie-225x300.jpg 225w, https:\/\/assoc2s.fr\/wp-content\/uploads\/2025\/11\/orangerie.jpg 358w\" sizes=\"auto, (max-width: 176px) 100vw, 176px\" \/>Billets \u00e0 tarif r\u00e9duit (sauf nocturne)<\/p>\r\n<p><strong>10 euros au lieu de 12,5 euros<\/strong><\/p>\r\n<p>&nbsp;<\/p>\r\n<p>Berthe Weill. Galeriste d\u2019avant-garde<br \/><strong>Du 8 octobre 2025 au 26 janvier 2026<\/strong><\/p>\r\n<p>&nbsp;<\/p>\r\n<p>___<\/p>\r\n<h3><span style=\"color: #b01635;\"><strong>Mus\u00e9e asiatique Guimet<\/strong><\/span><\/h3>\r\n<p><img loading=\"lazy\" decoding=\"async\" class=\" wp-image-966 alignright\" src=\"http:\/\/assoc2s.fr\/wp-content\/uploads\/2025\/11\/guinet2-225x300.png\" alt=\"\" width=\"188\" height=\"251\" srcset=\"https:\/\/assoc2s.fr\/wp-content\/uploads\/2025\/11\/guinet2-225x300.png 225w, https:\/\/assoc2s.fr\/wp-content\/uploads\/2025\/11\/guinet2.png 636w\" sizes=\"auto, (max-width: 188px) 100vw, 188px\" \/><\/p>\r\n<p>Billet valable un an, actuellement, la Chine des Tang. Une des plus brillantes dynasties chinoises, l\u2019exposition \u00abLa Chine des Tang\u00bb (618-907) constitue un \u00e9v\u00e9nement exceptionnel tant par son envergure que par les \u0153uvres qu\u2019elle pr\u00e9sente.<\/p>\r\n<p>&nbsp;<\/p>\r\n<p><strong>Billet \u00e0 9 euros <\/strong>au lieu de 13 euros<\/p>\r\n<p>___<\/p>\r\n<h3><span style=\"color: #b01635;\"><strong><img loading=\"lazy\" decoding=\"async\" class=\"wp-image-1058 alignleft\" src=\"http:\/\/assoc2s.fr\/wp-content\/uploads\/2026\/03\/Geluck-233x300.png\" alt=\"\" width=\"160\" height=\"206\" srcset=\"https:\/\/assoc2s.fr\/wp-content\/uploads\/2026\/03\/Geluck-233x300.png 233w, https:\/\/assoc2s.fr\/wp-content\/uploads\/2026\/03\/Geluck.png 436w\" sizes=\"auto, (max-width: 160px) 100vw, 160px\" \/>Exposition Geluck le chat<\/strong><\/span><\/h3>\r\n<p>&nbsp;<\/p>\r\n<p>L\u2019exposition aurait tr\u00e8s bien pu s\u2019intituler Le Chat expose Geluck tant la destin\u00e9e de ces Laurel et Hardy de l\u2019art est intimement li\u00e9e.<\/p>\r\n<p><strong>Billets 11 euros<\/strong> au lieu de 16,9 euros<\/p>\r\n<p>&nbsp;<\/p>\r\n<p>&nbsp;<\/p>\r\n<p>___<\/p>\r\n<p>&nbsp;<\/p>\r\n\r\n\r\n\r\n<h3 class=\"wp-block-heading\"><span style=\"color: #b01635;\"><strong><b>Carte annuelle Paris Mus\u00e9e<\/b><\/strong><\/span><\/h3>\r\n\r\n\r\n\r\n<figure class=\"wp-block-image alignright\"><img loading=\"lazy\" decoding=\"async\" width=\"300\" height=\"137\" class=\"wp-image-94\" src=\"http:\/\/assoc2s.fr\/wp-content\/uploads\/2023\/05\/carte-annuelle-musee-300x137.jpg\" alt=\"\" srcset=\"https:\/\/assoc2s.fr\/wp-content\/uploads\/2023\/05\/carte-annuelle-musee-300x137.jpg 300w, https:\/\/assoc2s.fr\/wp-content\/uploads\/2023\/05\/carte-annuelle-musee.jpg 474w\" sizes=\"auto, (max-width: 300px) 100vw, 300px\" \/><\/figure>\r\n\r\n\r\n\r\n<p><strong>La carte Paris Mus\u00e9es vous permet d\u2019acc\u00e9der \u00e0 l\u2019ensemble des expositions temporaires pr\u00e9sent\u00e9es dans les mus\u00e9es de la Ville de Paris <\/strong>(sauf Catacombes de Paris et Crypte arch\u00e9ologique de l&#8217;\u00eele de la Cit\u00e9).<\/p>\r\n\r\n\r\n\r\n<p><b>25 euros au lieu de 40 euros<\/b><\/p>\r\n\r\n\r\n\r\n<p><strong>Et maintenant :\u00a0 carte DUO <\/strong>(valable pour l\u2019adh\u00e9rent + 1 invit\u00e9 au choix*) : <strong>40 euros<\/strong> au lieu de 60 euros<\/p>\r\n\r\n\r\n\r\n<ul class=\"wp-block-list\">\r\n<li>Un acc\u00e8s illimit\u00e9 et coupe-file pendant un an aux expositions pr\u00e9sent\u00e9es dans les mus\u00e9es de la Ville de Paris (une trentaine par an)<\/li>\r\n\r\n\r\n\r\n<li>Des tarifs privil\u00e9gi\u00e9s sur les activit\u00e9s (visites conf\u00e9rences, ateliers, spectacles, cours d\u2019histoire de l\u2019art\u2026)<\/li>\r\n<\/ul>\r\n\r\n\r\n\r\n<p>__<\/p>\r\n\r\n\r\n\r\n<h3 class=\"wp-block-heading\"><span style=\"color: #b01635;\"><strong><b>Billets pour le Museum<\/b><\/strong><\/span><\/h3>\r\n\r\n\r\n\r\n<figure class=\"wp-block-image alignleft\"><img loading=\"lazy\" decoding=\"async\" width=\"300\" height=\"300\" class=\"wp-image-371\" src=\"http:\/\/assoc2s.fr\/wp-content\/uploads\/2023\/09\/museum-300x300.jpg\" alt=\"\" srcset=\"https:\/\/assoc2s.fr\/wp-content\/uploads\/2023\/09\/museum-300x300.jpg 300w, https:\/\/assoc2s.fr\/wp-content\/uploads\/2023\/09\/museum-150x150.jpg 150w, https:\/\/assoc2s.fr\/wp-content\/uploads\/2023\/09\/museum.jpg 610w\" sizes=\"auto, (max-width: 300px) 100vw, 300px\" \/><\/figure>\r\n\r\n\r\n\r\n<p>&nbsp;<\/p>\r\n\r\n\r\n\r\n<p>Des mus\u00e9es \u00e0 deux pas de la Piti\u00e9-Salp\u00eatri\u00e8re :<\/p>\r\n\r\n\r\n\r\n<p><strong>&#8211; Grande galerie de l\u2019\u00e9volution : \u00a05 euros<\/strong> au lieu de 7,5 euros<br \/><strong>&#8211; Galerie de pal\u00e9ontologie : 5 <\/strong><span class=\"JtukPc\"><strong>euros<\/strong> au lieu de 7,5 euros<br \/><strong>&#8211; Grandes serres : 4 euros<\/strong> au lieu de 5,75 euros <\/span><\/p>\r\n\r\n\r\n\r\n<p>&nbsp;<\/p>\r\n\r\n\r\n\r\n<p>&nbsp;<\/p>\r\n\r\n\r\n\r\n<p>&nbsp;<\/p>\r\n","protected":false},"excerpt":{"rendered":"<p>Henri Rousseau, l\u2019ambition de la peinture Mus\u00e9e de l&#8217;orangerie Du 25 mars au 20 juillet 2026 10 euros au lieu [&hellip;]<\/p>\n","protected":false},"author":2,"featured_media":0,"parent":619,"menu_order":2,"comment_status":"closed","ping_status":"closed","template":"","meta":{"site-sidebar-layout":"default","site-content-layout":"default","ast-site-content-layout":"default","site-content-style":"default","site-sidebar-style":"default","ast-global-header-display":"","ast-banner-title-visibility":"","ast-main-header-display":"","ast-hfb-above-header-display":"","ast-hfb-below-header-display":"","ast-hfb-mobile-header-display":"","site-post-title":"","ast-breadcrumbs-content":"","ast-featured-img":"","footer-sml-layout":"","theme-transparent-header-meta":"default","adv-header-id-meta":"","stick-header-meta":"","header-above-stick-meta":"","header-main-stick-meta":"","header-below-stick-meta":"","astra-migrate-meta-layouts":"set","ast-page-background-enabled":"default","ast-page-background-meta":{"desktop":{"background-color":"var(--ast-global-color-4)","background-image":"","background-repeat":"repeat","background-position":"center center","background-size":"auto","background-attachment":"scroll","background-type":"","background-media":"","overlay-type":"","overlay-color":"","overlay-opacity":"","overlay-gradient":""},"tablet":{"background-color":"","background-image":"","background-repeat":"repeat","background-position":"center center","background-size":"auto","background-attachment":"scroll","background-type":"","background-media":"","overlay-type":"","overlay-color":"","overlay-opacity":"","overlay-gradient":""},"mobile":{"background-color":"","background-image":"","background-repeat":"repeat","background-position":"center center","background-size":"auto","background-attachment":"scroll","background-type":"","background-media":"","overlay-type":"","overlay-color":"","overlay-opacity":"","overlay-gradient":""}},"ast-content-background-meta":{"desktop":{"background-color":"var(--ast-global-color-5)","background-image":"","background-repeat":"repeat","background-position":"center center","background-size":"auto","background-attachment":"scroll","background-type":"","background-media":"","overlay-type":"","overlay-color":"","overlay-opacity":"","overlay-gradient":""},"tablet":{"background-color":"var(--ast-global-color-5)","background-image":"","background-repeat":"repeat","background-position":"center center","background-size":"auto","background-attachment":"scroll","background-type":"","background-media":"","overlay-type":"","overlay-color":"","overlay-opacity":"","overlay-gradient":""},"mobile":{"background-color":"var(--ast-global-color-5)","background-image":"","background-repeat":"repeat","background-position":"center center","background-size":"auto","background-attachment":"scroll","background-type":"","background-media":"","overlay-type":"","overlay-color":"","overlay-opacity":"","overlay-gradient":""}},"footnotes":""},"class_list":["post-59","page","type-page","status-publish","hentry"],"_links":{"self":[{"href":"https:\/\/assoc2s.fr\/index.php\/wp-json\/wp\/v2\/pages\/59","targetHints":{"allow":["GET"]}}],"collection":[{"href":"https:\/\/assoc2s.fr\/index.php\/wp-json\/wp\/v2\/pages"}],"about":[{"href":"https:\/\/assoc2s.fr\/index.php\/wp-json\/wp\/v2\/types\/page"}],"author":[{"embeddable":true,"href":"https:\/\/assoc2s.fr\/index.php\/wp-json\/wp\/v2\/users\/2"}],"replies":[{"embeddable":true,"href":"https:\/\/assoc2s.fr\/index.php\/wp-json\/wp\/v2\/comments?post=59"}],"version-history":[{"count":47,"href":"https:\/\/assoc2s.fr\/index.php\/wp-json\/wp\/v2\/pages\/59\/revisions"}],"predecessor-version":[{"id":1059,"href":"https:\/\/assoc2s.fr\/index.php\/wp-json\/wp\/v2\/pages\/59\/revisions\/1059"}],"up":[{"embeddable":true,"href":"https:\/\/assoc2s.fr\/index.php\/wp-json\/wp\/v2\/pages\/619"}],"wp:attachment":[{"href":"https:\/\/assoc2s.fr\/index.php\/wp-json\/wp\/v2\/media?parent=59"}],"curies":[{"name":"wp","href":"https:\/\/api.w.org\/{rel}","templated":true}]}}