{"id":599,"date":"2024-06-12T18:08:20","date_gmt":"2024-06-12T16:08:20","guid":{"rendered":"http:\/\/asso.acfmpmc.fr\/?page_id=599"},"modified":"2024-06-12T18:08:20","modified_gmt":"2024-06-12T16:08:20","slug":"cheque-ancv","status":"publish","type":"page","link":"https:\/\/assoc2s.fr\/index.php\/association\/cheque-ancv\/","title":{"rendered":"Ch\u00e8que ANCV"},"content":{"rendered":"<h2>Qu\u2019est-ce que les ch\u00e8ques vacances<\/h2>\n<p><img loading=\"lazy\" decoding=\"async\" class=\"aligncenter size-full wp-image-600\" src=\"http:\/\/assoc2s.fr\/wp-content\/uploads\/2024\/06\/ancv.jpg\" alt=\"\" width=\"474\" height=\"263\" srcset=\"https:\/\/assoc2s.fr\/wp-content\/uploads\/2024\/06\/ancv.jpg 474w, https:\/\/assoc2s.fr\/wp-content\/uploads\/2024\/06\/ancv-300x166.jpg 300w\" sizes=\"auto, (max-width: 474px) 100vw, 474px\" \/>Le Ch\u00e8que-Vacances est un titre de paiement utilisable toute l\u2019ann\u00e9e et pour toute la famille (il peut \u00eatre utilis\u00e9 par le conjoint, les enfants et ascendants \u00e0 charge du b\u00e9n\u00e9ficiaire).<br \/>\nIl permet de r\u00e9gler des d\u00e9penses en France et \u00e0 destination de l\u2019Union Europ\u00e9enne dans les 5 domaines suivants : h\u00e9bergement, s\u00e9jours &amp; transports, loisirs &amp; culture, restauration, loisirs sportifs.<\/p>\n<p>Ils se pr\u00e9sentent sous 2 formes\u00a0:<\/p>\n<ul>\n<li><strong>Le Ch\u00e8que-Vacances Classic, au format papier<\/strong>\u00a0(coupure de 10, 20, 25 ou 50 euros)<\/li>\n<li><strong>Le Ch\u00e8que-Vacances Connect, au format digital\u00a0<\/strong><\/li>\n<\/ul>\n<p>ATTENTION\u00a0: l\u2019association ASSC2S ne prend que la version papier<\/p>\n<h2>Qui peut en b\u00e9n\u00e9ficier ?<\/h2>\n<p><strong>Les personnels b\u00e9n\u00e9ficiaires qui sont en activit\u00e9 dans la fonction publique :<\/strong><\/p>\n<p>a) Les agents publics civils de l&#8217;\u00c9tat et les militaires ;<br \/>\nb) Les assistants d&#8217;\u00e9ducation, recrut\u00e9s en application de l&#8217;article L.916-1 du Code de l&#8217;\u00e9ducation ;<br \/>\nc) Les agents non titulaires de contrat de droit public (Exemple : AESH\/AED) ;<br \/>\nd) Les auxiliaires et contractuels li\u00e9s \u00e0 l&#8217;\u00c9tat par un contrat de droit public conclu pour une dur\u00e9e initiale \u00e9gale ou sup\u00e9rieure \u00e0 6 mois ;<br \/>\ne) Les Assistants d&#8217;\u00c9ducation contractuels d&#8217;\u00e9tablissement (EPLE) ;<br \/>\nf) Les contrats d&#8217;apprentissage;<br \/>\ng) Les agents de droit public r\u00e9mun\u00e9r\u00e9s sur le budget de l&#8217;\u00e9tablissement support d&#8217;un GRETA.<\/p>\n<h3>Conditions d\u2019attribution\u00a0(pour 2024) :<\/h3>\n<ul>\n<li>V\u00e9rifier mon revenu fiscal de r\u00e9f\u00e9rence sur mon avis d&#8217;imp\u00f4t sur les revenus (pour une demande en 2024 je me r\u00e9f\u00e8re \u00e0 l&#8217;avis re\u00e7u en ao\u00fbt 2023 &#8211; imp\u00f4t sur les revenus 2022)<\/li>\n<li>Conna\u00eetre le nombre de parts de mon foyer fiscal<\/li>\n<li>V\u00e9rifier la bonification de l&#8217;\u00c9tat dont je peux b\u00e9n\u00e9ficier (10 \u00e0 30% ou 35% pour les moins de 30 ans)<\/li>\n<li>Choisir le montant de mon \u00e9pargne mensuelle et la dur\u00e9e de mon \u00e9pargne.<\/li>\n<li>Si vous \u00eates un agent en activit\u00e9 et en situation de handicap, vous b\u00e9n\u00e9ficiez d&#8217;une majoration de la participation accord\u00e9e par l&#8217;\u00c9tat<\/li>\n<\/ul>\n<p>Simulation via le lien\u00a0:<\/p>\n<p><a href=\"https:\/\/www.fonctionpublique-chequesvacances.fr\/agents\/Simulateur.aspx\">https:\/\/www.fonctionpublique-chequesvacances.fr\/agents\/Simulateur.aspx<\/a><\/p>\n<h3>Documents \u00e0 fournir pour la souscription\u00a0:<\/h3>\n<ul>\n<li>Carte nationale d\u2019identit\u00e9 en cours de validit\u00e9 (date sur la carte) ou Passeport en cours de validit\u00e9 (date sur le passeport). Les permis de conduire n\u2019est pas accept\u00e9.<\/li>\n<li>Un relev\u00e9 d\u2019identit\u00e9 bancaire (RIB) \u00e0 votre nom (ou compte joint si votre nom est pr\u00e9sent dessus).<\/li>\n<li>Un mandat de pr\u00e9l\u00e8vement SEPA (uniquement si demande papier).<\/li>\n<li>Copie de toutes les pages de l\u2019avis d\u2019imposition de l\u2019ann\u00e9e N-1 sur les revenus N-2.<\/li>\n<li>Un justificatif de domicile de moins de 3 mois \u00e0 votre nom (les factures de t\u00e9l\u00e9phonie mobile ne sont pas accept\u00e9es).<\/li>\n<li>Pour les agents en activit\u00e9, copie d\u2019un bulletin de salaire de moins de 3 mois.<\/li>\n<li>Pour les personnes en situation de handicap, une attestation de l\u2019employeur ou un justificatif (notification de la MDPH, RQTH, AAH, carte invalidit\u00e9, CMI).<\/li>\n<li>Autres justificatifs en cas de diff\u00e9rence entre RFR et\/ou parts fiscales indiqu\u00e9es l\u2019avis d\u2019imposition sur les revenus N-2 et ceux d\u00e9clar\u00e9s ci-dessus (acte de naissance, certificat de d\u00e9c\u00e8s, jugement de divorce, avis de d\u00e9gr\u00e8vement\u2026) ou tout autre situation particuli\u00e8re.<\/li>\n<\/ul>\n<h3>Comment souscrire aux ch\u00e8ques vacances<\/h3>\n<p>Cr\u00e9er son compte, valider celui-ci en cliquant sur le lien envoy\u00e9 par courriel, puis cr\u00e9er sa demande. (C\u2019est le moyen le plus rapide)<\/p>\n<p><a href=\"https:\/\/www.fonctionpublique-chequesvacances.fr\/agents\/Views\/Accueil.aspx\">https:\/\/www.fonctionpublique-chequesvacances.fr\/agents\/Views\/Accueil.aspx<\/a><\/p>\n<ul>\n<li>Compl\u00e9ter le formulaire de demande<\/li>\n<li>Compl\u00e9ter le mandat de pr\u00e9l\u00e8vement SEPA,<\/li>\n<li>D\u00e9poser en ligne tous les documents n\u00e9cessaires<\/li>\n<li>Et choisir le format des ch\u00e8ques vacances souhait\u00e9 (connect ou classique\/papier)<\/li>\n<\/ul>\n<p>&nbsp;<\/p>\n<p>Si vous ne souhaitez pas formuler une demande par internet, vous pouvez demander des ch\u00e8ques vacances en transmettant votre demande par voie postale, voir lien ci-dessous pour t\u00e9l\u00e9charger les pi\u00e8ces n\u00e9cessaires \u00e0 la constitution de votre dossier\u00a0:<\/p>\n<p><a href=\"https:\/\/www.fonctionpublique-chequesvacances.fr\/agents\/PageInfoDemandesNonConnecte.aspx\">https:\/\/www.fonctionpublique-chequesvacances.fr\/agents\/PageInfoDemandesNonConnecte.aspx<\/a><\/p>\n<p>voir rubrique \u00ab\u00a0<em>comment constituer un dossier papier<\/em>\u00a0\u00bb<\/p>\n<p>&nbsp;<\/p>\n<p><strong>L\u2019attestation de l\u2019annexe IV ne concerne que les agents en activit\u00e9 et en situation de handicap b\u00e9n\u00e9ficiant d&#8217;une majoration de la participation financ\u00e9e par l&#8217;\u00c9tat)<\/strong><\/p>\n","protected":false},"excerpt":{"rendered":"<p>Qu\u2019est-ce que les ch\u00e8ques vacances Le Ch\u00e8que-Vacances est un titre de paiement utilisable toute l\u2019ann\u00e9e et pour toute la famille [&hellip;]<\/p>\n","protected":false},"author":2,"featured_media":0,"parent":29,"menu_order":0,"comment_status":"closed","ping_status":"closed","template":"","meta":{"site-sidebar-layout":"default","site-content-layout":"default","ast-site-content-layout":"","site-content-style":"default","site-sidebar-style":"default","ast-global-header-display":"","ast-banner-title-visibility":"","ast-main-header-display":"","ast-hfb-above-header-display":"","ast-hfb-below-header-display":"","ast-hfb-mobile-header-display":"","site-post-title":"","ast-breadcrumbs-content":"","ast-featured-img":"","footer-sml-layout":"","theme-transparent-header-meta":"default","adv-header-id-meta":"","stick-header-meta":"","header-above-stick-meta":"","header-main-stick-meta":"","header-below-stick-meta":"","astra-migrate-meta-layouts":"default","ast-page-background-enabled":"default","ast-page-background-meta":{"desktop":{"background-color":"var(--ast-global-color-4)","background-image":"","background-repeat":"repeat","background-position":"center center","background-size":"auto","background-attachment":"scroll","background-type":"","background-media":"","overlay-type":"","overlay-color":"","overlay-opacity":"","overlay-gradient":""},"tablet":{"background-color":"","background-image":"","background-repeat":"repeat","background-position":"center center","background-size":"auto","background-attachment":"scroll","background-type":"","background-media":"","overlay-type":"","overlay-color":"","overlay-opacity":"","overlay-gradient":""},"mobile":{"background-color":"","background-image":"","background-repeat":"repeat","background-position":"center center","background-size":"auto","background-attachment":"scroll","background-type":"","background-media":"","overlay-type":"","overlay-color":"","overlay-opacity":"","overlay-gradient":""}},"ast-content-background-meta":{"desktop":{"background-color":"var(--ast-global-color-5)","background-image":"","background-repeat":"repeat","background-position":"center center","background-size":"auto","background-attachment":"scroll","background-type":"","background-media":"","overlay-type":"","overlay-color":"","overlay-opacity":"","overlay-gradient":""},"tablet":{"background-color":"var(--ast-global-color-5)","background-image":"","background-repeat":"repeat","background-position":"center center","background-size":"auto","background-attachment":"scroll","background-type":"","background-media":"","overlay-type":"","overlay-color":"","overlay-opacity":"","overlay-gradient":""},"mobile":{"background-color":"var(--ast-global-color-5)","background-image":"","background-repeat":"repeat","background-position":"center center","background-size":"auto","background-attachment":"scroll","background-type":"","background-media":"","overlay-type":"","overlay-color":"","overlay-opacity":"","overlay-gradient":""}},"footnotes":""},"class_list":["post-599","page","type-page","status-publish","hentry"],"_links":{"self":[{"href":"https:\/\/assoc2s.fr\/index.php\/wp-json\/wp\/v2\/pages\/599","targetHints":{"allow":["GET"]}}],"collection":[{"href":"https:\/\/assoc2s.fr\/index.php\/wp-json\/wp\/v2\/pages"}],"about":[{"href":"https:\/\/assoc2s.fr\/index.php\/wp-json\/wp\/v2\/types\/page"}],"author":[{"embeddable":true,"href":"https:\/\/assoc2s.fr\/index.php\/wp-json\/wp\/v2\/users\/2"}],"replies":[{"embeddable":true,"href":"https:\/\/assoc2s.fr\/index.php\/wp-json\/wp\/v2\/comments?post=599"}],"version-history":[{"count":0,"href":"https:\/\/assoc2s.fr\/index.php\/wp-json\/wp\/v2\/pages\/599\/revisions"}],"up":[{"embeddable":true,"href":"https:\/\/assoc2s.fr\/index.php\/wp-json\/wp\/v2\/pages\/29"}],"wp:attachment":[{"href":"https:\/\/assoc2s.fr\/index.php\/wp-json\/wp\/v2\/media?parent=599"}],"curies":[{"name":"wp","href":"https:\/\/api.w.org\/{rel}","templated":true}]}}