{"id":604,"date":"2024-06-13T22:22:58","date_gmt":"2024-06-13T20:22:58","guid":{"rendered":"http:\/\/asso.acfmpmc.fr\/?page_id=604"},"modified":"2026-03-24T11:46:15","modified_gmt":"2026-03-24T10:46:15","slug":"parcs-de-loisirs","status":"publish","type":"page","link":"https:\/\/assoc2s.fr\/index.php\/billetterie\/parcs-de-loisirs\/","title":{"rendered":"Loisirs"},"content":{"rendered":"<h3><span style=\"color: #b01635;\"><strong>Cit\u00e9 des sciences<\/strong><\/span><\/h3>\n<p><strong><img loading=\"lazy\" decoding=\"async\" class=\" wp-image-1044 alignleft\" src=\"http:\/\/assoc2s.fr\/wp-content\/uploads\/2026\/03\/cite-des-sciences-300x169.jpg\" alt=\"\" width=\"225\" height=\"127\" srcset=\"https:\/\/assoc2s.fr\/wp-content\/uploads\/2026\/03\/cite-des-sciences-300x169.jpg 300w, https:\/\/assoc2s.fr\/wp-content\/uploads\/2026\/03\/cite-des-sciences.jpg 640w\" sizes=\"auto, (max-width: 225px) 100vw, 225px\" \/><\/strong><\/p>\n<p><strong>Jardiner :\u00a0<\/strong>Des installations tr\u00e8s vari\u00e9es r\u00e9interpr\u00e8tent des jardins existants, tout en stimulant l\u2019un de vos sens. Chaque univers est compl\u00e9t\u00e9 par une parcelle d\u2019exp\u00e9riences, o\u00f9 enrichir votre culture.<\/p>\n<p>Jusqu&#8217;au <strong>12 juillet 2026<\/strong><br \/>\n<strong>10 \u20ac<\/strong> adulte <strong>8 \u20ac<\/strong> euros enfants (d\u00e8s 5ans)<\/p>\n<p>&nbsp;<\/p>\n<p>___<\/p>\n<h3><span style=\"color: #b01635;\"><strong>La Cit\u00e9 des enfants 5-10 ans<\/strong><\/span><\/h3>\n<p><img loading=\"lazy\" decoding=\"async\" class=\"wp-image-1045 alignleft\" src=\"http:\/\/assoc2s.fr\/wp-content\/uploads\/2026\/03\/cite-225x300.png\" alt=\"\" width=\"187\" height=\"249\" srcset=\"https:\/\/assoc2s.fr\/wp-content\/uploads\/2026\/03\/cite-225x300.png 225w, https:\/\/assoc2s.fr\/wp-content\/uploads\/2026\/03\/cite.png 396w\" sizes=\"auto, (max-width: 187px) 100vw, 187px\" \/><\/p>\n<p>&nbsp;<\/p>\n<p>V\u00e9ritable r\u00e9f\u00e9rence en mati\u00e8re de d\u00e9couverte scientifique pour les plus jeunes, la Cit\u00e9 des enfants est un lieu iconique o\u00f9 les enfants exp\u00e9rimentent, manipulent et explorent en toute autonomie. L&#8217;espace, enti\u00e8rement repens\u00e9, propose 5 univers immersifs, pens\u00e9s pour \u00e9veiller leur curiosit\u00e9 et leur envie de comprendre le monde.<\/p>\n<p><strong>5\u20ac<\/strong> enfants au lieu de 15 euros<br \/>\n<strong>9\u20ac<\/strong> adulte au lieu de 15 euros<\/p>\n<h3><\/h3>\n<p>&nbsp;<\/p>\n<h3>__<\/h3>\n<h3><\/h3>\n<h3><span style=\"color: #b01635;\"><strong>Caliceo<\/strong><\/span><\/h3>\n<p><img loading=\"lazy\" decoding=\"async\" class=\"wp-image-959 alignright\" src=\"http:\/\/assoc2s.fr\/wp-content\/uploads\/2025\/11\/caliceo-300x225.jpg\" alt=\"\" width=\"232\" height=\"174\" srcset=\"https:\/\/assoc2s.fr\/wp-content\/uploads\/2025\/11\/caliceo-300x225.jpg 300w, https:\/\/assoc2s.fr\/wp-content\/uploads\/2025\/11\/caliceo-1024x768.jpg 1024w, https:\/\/assoc2s.fr\/wp-content\/uploads\/2025\/11\/caliceo-768x576.jpg 768w, https:\/\/assoc2s.fr\/wp-content\/uploads\/2025\/11\/caliceo-1536x1152.jpg 1536w, https:\/\/assoc2s.fr\/wp-content\/uploads\/2025\/11\/caliceo.jpg 1600w\" sizes=\"auto, (max-width: 232px) 100vw, 232px\" \/>Un moment de d\u00e9tente avec Calic\u00e9o<\/p>\n<p>Offre acc\u00e8s aux bains :\u00a0 Pass 3h\u00a0 :\u00a0 <strong>16 euros <\/strong>au lieu de 30 euros<\/p>\n<p>Trouvez le centre le plus proche de chez vous :\u00a0 <a href=\"https:\/\/caliceo.com\/\" target=\"_blank\" rel=\"noopener noreferrer\">https:\/\/caliceo.com\/<\/a><\/p>\n<p>&nbsp;<\/p>\n<p>___<\/p>\n<h3><strong><span style=\"color: #b01635;\">Batman Escape<\/span><\/strong><\/h3>\n<p>le plus grand Escape Game immersif<img loading=\"lazy\" decoding=\"async\" class=\"size-medium wp-image-823 alignleft\" src=\"http:\/\/assoc2s.fr\/wp-content\/uploads\/2025\/02\/batman-300x199.jpg\" alt=\"\" width=\"300\" height=\"199\" srcset=\"https:\/\/assoc2s.fr\/wp-content\/uploads\/2025\/02\/batman-300x199.jpg 300w, https:\/\/assoc2s.fr\/wp-content\/uploads\/2025\/02\/batman.jpg 715w\" sizes=\"auto, (max-width: 300px) 100vw, 300px\" \/><br \/>\n<strong>24 euros<\/strong>\u00a0au lieu de 36 euros*<\/p>\n<p>Le studio\u00a0Dama Dreams\u00a0vous ouvre les portes de Gotham City, et vous invite \u00e0 entrer dans l\u2019univers du Chevalier Noir.<br \/>\nD\u00e9couvrez \u00e0 Paris, au c\u0153ur de\u00a0Boom Boom Villette, une destination o\u00f9 vous pourrez c\u00f4toyer les personnages de l\u2019univers de Batman, et m\u00eame vous mesurer \u00e0 ses vilains les plus embl\u00e9matiques.<\/p>\n<p>*<em>r\u00e9servation pour 3 personnes minimum<\/em><\/p>\n<h3><\/h3>\n<p>__<\/p>\n<h3><span style=\"color: #b01635;\"><strong>Week-end avec les enfants\u00a0<\/strong><\/span><\/h3>\n<p>Nous proposons des billets \u00e0 tarif r\u00e9duit pour la cit\u00e9 des sciences :<img loading=\"lazy\" decoding=\"async\" class=\"size-medium wp-image-729 alignright\" src=\"http:\/\/assoc2s.fr\/wp-content\/uploads\/2024\/12\/enfant-300x143.png\" alt=\"\" width=\"300\" height=\"143\" srcset=\"https:\/\/assoc2s.fr\/wp-content\/uploads\/2024\/12\/enfant-300x143.png 300w, https:\/\/assoc2s.fr\/wp-content\/uploads\/2024\/12\/enfant.png 715w\" sizes=\"auto, (max-width: 300px) 100vw, 300px\" \/><\/p>\n<ul>\n<li>Expositions\u00a0 : <strong>8 \u20ac\u00a0<\/strong>au lieu de 13 \u20ac<\/li>\n<li>Cit\u00e9 des enfants\u00a0 : <strong>8 \u20ac\u00a0<\/strong>au lieu de 13 \u20ac<\/li>\n<li>Les \u00e9tincelles :\u00a0<strong>3 \u20ac\u00a0<\/strong>au lieu de 4,5 \u20ac<\/li>\n<\/ul>\n<h3><\/h3>\n<h2>__<\/h2>\n<h2><span style=\"color: #b01635;\">Partenariat<\/span><\/h2>\n<p>L&#8217;association a un partenariat avec le Puy du fou pour obtenir directement des r\u00e9ductions <strong><a href=\"https:\/\/odv-reservation.puydufou.com\/fr\/Auth\/accueil?t=MjQxNTE0NTgwNTc5MDAyMTM0Mw==&amp;c=MjQxNTE0NTI0NTY1MDIwMjU1NQ==\">en cliquant sur ce lien<\/a> <\/strong><\/p>\n<p><img loading=\"lazy\" decoding=\"async\" class=\"aligncenter wp-image-605\" src=\"http:\/\/assoc2s.fr\/wp-content\/uploads\/2024\/06\/Capture-decran-2024-06-13-a-22.20.56.png\" alt=\"\" width=\"821\" height=\"230\" srcset=\"https:\/\/assoc2s.fr\/wp-content\/uploads\/2024\/06\/Capture-decran-2024-06-13-a-22.20.56.png 2340w, https:\/\/assoc2s.fr\/wp-content\/uploads\/2024\/06\/Capture-decran-2024-06-13-a-22.20.56-300x84.png 300w, https:\/\/assoc2s.fr\/wp-content\/uploads\/2024\/06\/Capture-decran-2024-06-13-a-22.20.56-1024x287.png 1024w, https:\/\/assoc2s.fr\/wp-content\/uploads\/2024\/06\/Capture-decran-2024-06-13-a-22.20.56-768x215.png 768w, https:\/\/assoc2s.fr\/wp-content\/uploads\/2024\/06\/Capture-decran-2024-06-13-a-22.20.56-1536x431.png 1536w, https:\/\/assoc2s.fr\/wp-content\/uploads\/2024\/06\/Capture-decran-2024-06-13-a-22.20.56-2048x574.png 2048w\" sizes=\"auto, (max-width: 821px) 100vw, 821px\" \/><\/p>\n<p>&nbsp;<\/p>\n<p>___<\/p>\n<h2><span style=\"color: #b01635;\">Emiles<\/span><\/h2>\n<p><img decoding=\"async\" src=\"https:\/\/acfmpmc.fr\/images\/log-emiles.png\" alt=\"\" \/><\/p>\n<p>Nous vous proposons un second site de billetterie directe avec Emiles.<br \/>\nPour acc\u00e9der aux offres :<\/p>\n<ol>\n<li>Demandez nous le code CE<\/li>\n<li><a href=\"https:\/\/emiles.fr\/\" target=\"_blank\" rel=\"noopener\">Connectez vous sur le site Emile\u2019s<\/a><\/li>\n<li>Cr\u00e9ez votre login et votre mot de passe et achetez les billets qui vous int\u00e9ressent<\/li>\n<\/ol>\n<p>Pour pouvez retrouver sur Emile\u2019s toutes les offres de billetterie de parcs, de cin\u00e9mas, de spectacles, de s\u00e9jours, de vacances et de cartes cadeaux \u00e0 tarifs r\u00e9duits ! Profitez de ces offres culturelles et de loisirs tout en faisant des \u00e9conomies.<\/p>\n<p>__<\/p>\n<h3><span style=\"color: #b01635;\"><strong><b>Nouvelle billeterie HappyPal<\/b><\/strong><\/span><\/h3>\n<p><img loading=\"lazy\" decoding=\"async\" class=\"alignnone wp-image-710\" src=\"http:\/\/assoc2s.fr\/wp-content\/uploads\/2024\/11\/Capture-happypal-300x98.jpg\" sizes=\"auto, (max-width: 269px) 100vw, 269px\" srcset=\"https:\/\/assoc2s.fr\/wp-content\/uploads\/2024\/11\/Capture-happypal-300x98.jpg 300w, https:\/\/assoc2s.fr\/wp-content\/uploads\/2024\/11\/Capture-happypal.jpg 397w\" alt=\"\" width=\"269\" height=\"88\" \/><\/p>\n<p>Votre nouvelle plateforme d\u2019avantages 100% digitale vous aidera a\u0300 <strong>vous faire plaisir sans vous ruiner <\/strong>gra\u0302ce a\u0300 des <strong>milliers de codes promo et remises exclusives <\/strong>\ud83d\udcb0 Et tout cela disponible directement depuis votre smartphone et votre ordinateur !<\/p>\n<p>\ud83d\udc49 <strong>Comment activer votre compte en quelques clics <\/strong>\ud83d\ude80<\/p>\n<ul>\n<li>Allez sur <a href=\"http:\/\/app.happypal.fr\" target=\"_blank\" rel=\"noopener\">app.happypal.fr<\/a> <strong>ou te\u0301le\u0301chargez l\u2019application <\/strong><a href=\"https:\/\/linktr.ee\/hpalnew\" target=\"_blank\" rel=\"noopener\">HappyPal 2<\/a><\/li>\n<li>Cliquez sur <strong>le lien de connexion<\/strong> dans l\u2019invitation que vous avez re\u00e7u par <strong>mail<\/strong><\/li>\n<li>D\u00e9finissez votre mot de passe<\/li>\n<\/ul>\n<p>\ud83d\udc49 <strong>D\u00e9couvrez en vid\u00e9o<\/strong><a href=\"https:\/\/www.loom.com\/share\/77bc72b308fd47bf811121ab19b466f2\" target=\"_blank\" rel=\"noopener\"> ici<\/a><strong> comment utiliser vos avantages <\/strong>\ud83d\ude0d<\/p>\n","protected":false},"excerpt":{"rendered":"<p>Cit\u00e9 des sciences Jardiner :\u00a0Des installations tr\u00e8s vari\u00e9es r\u00e9interpr\u00e8tent des jardins existants, tout en stimulant l\u2019un de vos sens. Chaque [&hellip;]<\/p>\n","protected":false},"author":2,"featured_media":0,"parent":619,"menu_order":0,"comment_status":"closed","ping_status":"closed","template":"","meta":{"site-sidebar-layout":"default","site-content-layout":"default","ast-site-content-layout":"default","site-content-style":"default","site-sidebar-style":"default","ast-global-header-display":"","ast-banner-title-visibility":"","ast-main-header-display":"","ast-hfb-above-header-display":"","ast-hfb-below-header-display":"","ast-hfb-mobile-header-display":"","site-post-title":"","ast-breadcrumbs-content":"","ast-featured-img":"","footer-sml-layout":"","theme-transparent-header-meta":"default","adv-header-id-meta":"","stick-header-meta":"","header-above-stick-meta":"","header-main-stick-meta":"","header-below-stick-meta":"","astra-migrate-meta-layouts":"set","ast-page-background-enabled":"default","ast-page-background-meta":{"desktop":{"background-color":"var(--ast-global-color-4)","background-image":"","background-repeat":"repeat","background-position":"center center","background-size":"auto","background-attachment":"scroll","background-type":"","background-media":"","overlay-type":"","overlay-color":"","overlay-opacity":"","overlay-gradient":""},"tablet":{"background-color":"","background-image":"","background-repeat":"repeat","background-position":"center center","background-size":"auto","background-attachment":"scroll","background-type":"","background-media":"","overlay-type":"","overlay-color":"","overlay-opacity":"","overlay-gradient":""},"mobile":{"background-color":"","background-image":"","background-repeat":"repeat","background-position":"center center","background-size":"auto","background-attachment":"scroll","background-type":"","background-media":"","overlay-type":"","overlay-color":"","overlay-opacity":"","overlay-gradient":""}},"ast-content-background-meta":{"desktop":{"background-color":"var(--ast-global-color-5)","background-image":"","background-repeat":"repeat","background-position":"center center","background-size":"auto","background-attachment":"scroll","background-type":"","background-media":"","overlay-type":"","overlay-color":"","overlay-opacity":"","overlay-gradient":""},"tablet":{"background-color":"var(--ast-global-color-5)","background-image":"","background-repeat":"repeat","background-position":"center center","background-size":"auto","background-attachment":"scroll","background-type":"","background-media":"","overlay-type":"","overlay-color":"","overlay-opacity":"","overlay-gradient":""},"mobile":{"background-color":"var(--ast-global-color-5)","background-image":"","background-repeat":"repeat","background-position":"center center","background-size":"auto","background-attachment":"scroll","background-type":"","background-media":"","overlay-type":"","overlay-color":"","overlay-opacity":"","overlay-gradient":""}},"footnotes":""},"class_list":["post-604","page","type-page","status-publish","hentry"],"_links":{"self":[{"href":"https:\/\/assoc2s.fr\/index.php\/wp-json\/wp\/v2\/pages\/604","targetHints":{"allow":["GET"]}}],"collection":[{"href":"https:\/\/assoc2s.fr\/index.php\/wp-json\/wp\/v2\/pages"}],"about":[{"href":"https:\/\/assoc2s.fr\/index.php\/wp-json\/wp\/v2\/types\/page"}],"author":[{"embeddable":true,"href":"https:\/\/assoc2s.fr\/index.php\/wp-json\/wp\/v2\/users\/2"}],"replies":[{"embeddable":true,"href":"https:\/\/assoc2s.fr\/index.php\/wp-json\/wp\/v2\/comments?post=604"}],"version-history":[{"count":48,"href":"https:\/\/assoc2s.fr\/index.php\/wp-json\/wp\/v2\/pages\/604\/revisions"}],"predecessor-version":[{"id":1062,"href":"https:\/\/assoc2s.fr\/index.php\/wp-json\/wp\/v2\/pages\/604\/revisions\/1062"}],"up":[{"embeddable":true,"href":"https:\/\/assoc2s.fr\/index.php\/wp-json\/wp\/v2\/pages\/619"}],"wp:attachment":[{"href":"https:\/\/assoc2s.fr\/index.php\/wp-json\/wp\/v2\/media?parent=604"}],"curies":[{"name":"wp","href":"https:\/\/api.w.org\/{rel}","templated":true}]}}