{"id":619,"date":"2023-05-01T18:03:36","date_gmt":"2023-05-01T16:03:36","guid":{"rendered":"http:\/\/asso.acfmpmc.fr\/?page_id=5"},"modified":"2024-11-12T09:26:13","modified_gmt":"2024-11-12T08:26:13","slug":"billetterie","status":"publish","type":"page","link":"https:\/\/assoc2s.fr\/index.php\/billetterie\/","title":{"rendered":"Billetterie"},"content":{"rendered":"<p><main>L&#8217;association propose toute l&#8217;ann\u00e9e de la billetterie \u00e0 prix r\u00e9duit et subventionn\u00e9. Ces billets sont limit\u00e9s \u00e0 2 ou 4 (si enfants) pour chaque achat.<br \/>\nVous avez acc\u00e8s en tant qu&#8217;adh\u00e9rent \u00e0 deux billetteries \u00e0 prix r\u00e9duits sans subvention et sans limitation de nombre de billets.<\/main>&nbsp;<\/p>\n<h3><span style=\"color: #b01635;\"><strong><b>Nouvelle billeterie HappyPal<\/b><\/strong><\/span><\/h3>\n<p><img loading=\"lazy\" decoding=\"async\" class=\"alignnone wp-image-710\" src=\"http:\/\/assoc2s.fr\/wp-content\/uploads\/2024\/11\/Capture-happypal-300x98.jpg\" alt=\"\" width=\"269\" height=\"88\" srcset=\"https:\/\/assoc2s.fr\/wp-content\/uploads\/2024\/11\/Capture-happypal-300x98.jpg 300w, https:\/\/assoc2s.fr\/wp-content\/uploads\/2024\/11\/Capture-happypal.jpg 397w\" sizes=\"auto, (max-width: 269px) 100vw, 269px\" \/><\/p>\n<p>Votre nouvelle plateforme d\u2019avantages 100% digitale vous aidera a\u0300 <strong>vous faire plaisir sans vous ruiner <\/strong>gra\u0302ce a\u0300 des <strong>milliers de codes promo et remises exclusives <\/strong>\ud83d\udcb0 Et tout cela disponible directement depuis votre smartphone et votre ordinateur !<\/p>\n<p>\ud83d\udc49 <strong>Comment activer votre compte en quelques clics <\/strong>\ud83d\ude80<\/p>\n<ul>\n<li>Allez sur <a href=\"http:\/\/app.happypal.fr\" target=\"_blank\" rel=\"noopener\">app.happypal.fr<\/a> <strong>ou te\u0301le\u0301chargez l&#8217;application <\/strong><a href=\"https:\/\/linktr.ee\/hpalnew\" target=\"_blank\" rel=\"noopener\">HappyPal 2<\/a><\/li>\n<li>Cliquez sur <strong>le lien de connexion<\/strong> dans l\u2019invitation que vous avez re\u00e7u par <strong>mail<\/strong><\/li>\n<li>D\u00e9finissez votre mot de passe<\/li>\n<\/ul>\n<p>\ud83d\udc49 <strong>D\u00e9couvrez en vid\u00e9o<\/strong><a href=\"https:\/\/www.loom.com\/share\/77bc72b308fd47bf811121ab19b466f2\" target=\"_blank\" rel=\"noopener\"> ici<\/a><strong> comment utiliser vos avantages <\/strong>\ud83d\ude0d<\/p>\n<p>___<\/p>\n<h3><span style=\"color: #b01635;\"><strong><b>Emiles<\/b><\/strong><\/span><\/h3>\n<p><img decoding=\"async\" src=\"https:\/\/acfmpmc.fr\/images\/log-emiles.png\" alt=\"\" \/><\/p>\n<p>Nous vous proposons un second site de billetterie directe avec Emiles.<br \/>\nPour acc\u00e9der aux offres :<\/p>\n<ol>\n<li>Demandez nous le code CE<\/li>\n<li><a href=\"https:\/\/emiles.fr\/\" target=\"_blank\" rel=\"noopener\">Connectez vous sur le site Emile&#8217;s<\/a><\/li>\n<li>Cr\u00e9ez votre login et votre mot de passe et achetez les billets qui vous int\u00e9ressent<\/li>\n<\/ol>\n<p>Pour pouvez retrouver sur Emile\u2019s toutes les offres de billetterie de parcs, de cin\u00e9mas, de spectacles, de s\u00e9jours, de vacances et de cartes cadeaux \u00e0 tarifs r\u00e9duits ! Profitez de ces offres culturelles et de loisirs tout en faisant des \u00e9conomies.<\/p>\n<p>&nbsp;<\/p>\n","protected":false},"excerpt":{"rendered":"<p>L&#8217;association propose toute l&#8217;ann\u00e9e de la billetterie \u00e0 prix r\u00e9duit et subventionn\u00e9. Ces billets sont limit\u00e9s \u00e0 2 ou 4 [&hellip;]<\/p>\n","protected":false},"author":2,"featured_media":0,"parent":0,"menu_order":0,"comment_status":"closed","ping_status":"closed","template":"","meta":{"site-sidebar-layout":"default","site-content-layout":"default","ast-site-content-layout":"default","site-content-style":"default","site-sidebar-style":"default","ast-global-header-display":"","ast-banner-title-visibility":"","ast-main-header-display":"","ast-hfb-above-header-display":"","ast-hfb-below-header-display":"","ast-hfb-mobile-header-display":"","site-post-title":"","ast-breadcrumbs-content":"","ast-featured-img":"","footer-sml-layout":"","theme-transparent-header-meta":"default","adv-header-id-meta":"","stick-header-meta":"","header-above-stick-meta":"","header-main-stick-meta":"","header-below-stick-meta":"","astra-migrate-meta-layouts":"set","ast-page-background-enabled":"default","ast-page-background-meta":{"desktop":{"background-color":"var(--ast-global-color-4)","background-image":"","background-repeat":"repeat","background-position":"center center","background-size":"auto","background-attachment":"scroll","background-type":"","background-media":"","overlay-type":"","overlay-color":"","overlay-opacity":"","overlay-gradient":""},"tablet":{"background-color":"","background-image":"","background-repeat":"repeat","background-position":"center center","background-size":"auto","background-attachment":"scroll","background-type":"","background-media":"","overlay-type":"","overlay-color":"","overlay-opacity":"","overlay-gradient":""},"mobile":{"background-color":"","background-image":"","background-repeat":"repeat","background-position":"center center","background-size":"auto","background-attachment":"scroll","background-type":"","background-media":"","overlay-type":"","overlay-color":"","overlay-opacity":"","overlay-gradient":""}},"ast-content-background-meta":{"desktop":{"background-color":"var(--ast-global-color-5)","background-image":"","background-repeat":"repeat","background-position":"center center","background-size":"auto","background-attachment":"scroll","background-type":"","background-media":"","overlay-type":"","overlay-color":"","overlay-opacity":"","overlay-gradient":""},"tablet":{"background-color":"var(--ast-global-color-5)","background-image":"","background-repeat":"repeat","background-position":"center center","background-size":"auto","background-attachment":"scroll","background-type":"","background-media":"","overlay-type":"","overlay-color":"","overlay-opacity":"","overlay-gradient":""},"mobile":{"background-color":"var(--ast-global-color-5)","background-image":"","background-repeat":"repeat","background-position":"center center","background-size":"auto","background-attachment":"scroll","background-type":"","background-media":"","overlay-type":"","overlay-color":"","overlay-opacity":"","overlay-gradient":""}},"footnotes":""},"class_list":["post-619","page","type-page","status-publish","hentry"],"_links":{"self":[{"href":"https:\/\/assoc2s.fr\/index.php\/wp-json\/wp\/v2\/pages\/619","targetHints":{"allow":["GET"]}}],"collection":[{"href":"https:\/\/assoc2s.fr\/index.php\/wp-json\/wp\/v2\/pages"}],"about":[{"href":"https:\/\/assoc2s.fr\/index.php\/wp-json\/wp\/v2\/types\/page"}],"author":[{"embeddable":true,"href":"https:\/\/assoc2s.fr\/index.php\/wp-json\/wp\/v2\/users\/2"}],"replies":[{"embeddable":true,"href":"https:\/\/assoc2s.fr\/index.php\/wp-json\/wp\/v2\/comments?post=619"}],"version-history":[{"count":6,"href":"https:\/\/assoc2s.fr\/index.php\/wp-json\/wp\/v2\/pages\/619\/revisions"}],"predecessor-version":[{"id":716,"href":"https:\/\/assoc2s.fr\/index.php\/wp-json\/wp\/v2\/pages\/619\/revisions\/716"}],"wp:attachment":[{"href":"https:\/\/assoc2s.fr\/index.php\/wp-json\/wp\/v2\/media?parent=619"}],"curies":[{"name":"wp","href":"https:\/\/api.w.org\/{rel}","templated":true}]}}