{"id":744,"date":"2025-01-08T19:21:17","date_gmt":"2025-01-08T18:21:17","guid":{"rendered":"https:\/\/assoc2s.fr\/?page_id=744"},"modified":"2025-01-29T15:16:22","modified_gmt":"2025-01-29T14:16:22","slug":"bons-plans","status":"publish","type":"page","link":"https:\/\/assoc2s.fr\/index.php\/association\/bons-plans\/","title":{"rendered":"Bons plans"},"content":{"rendered":"<p>L&#8217;association a n\u00e9goci\u00e9 des partenariats qui vous permettent de b\u00e9n\u00e9ficier de r\u00e9ductions directes.<\/p>\n<p><strong>Contactez nous pour obtenir ces codes<\/strong> (il faut \u00eatre adh\u00e9rent pour les obtenir).<\/p>\n<h2><span style=\"color: #b01635;\">Bons plans billetteries<\/span><\/h2>\n<table>\n<tbody>\n<tr>\n<th>Partenaire<\/th>\n<th>Site de connexion<\/th>\n<\/tr>\n<tr>\n<td>Tal Ticket \u00a0\u00a0 (billetterie de spectacle)<\/td>\n<td><a href=\"https:\/\/www.talticket.com\" target=\"_blank\" rel=\"noopener\">https:\/\/www.talticket.com<\/a><\/td>\n<\/tr>\n<tr>\n<th style=\"text-align: left;\" scope=\"row\">Emile&#8217;s<\/th>\n<td><a href=\"https:\/\/emiles.fr\">https:\/\/emiles.fr<\/a><\/td>\n<\/tr>\n<tr>\n<th style=\"text-align: left;\" scope=\"row\"><span data-sheets-root=\"1\">Salons<\/span><\/th>\n<td><a href=\"https:\/\/www.destination-salons.com\" target=\"_blank\" rel=\"noopener\">https:\/\/www.destination-salons.com<\/a><\/td>\n<\/tr>\n<tr>\n<td><strong>Louvre<\/strong><\/td>\n<td><a href=\"https:\/\/www.amisdulouvre.fr\/user\" target=\"_blank\" rel=\"noopener\">https:\/\/www.amisdulouvre.fr\/user<\/a><\/td>\n<\/tr>\n<tr>\n<th style=\"text-align: left;\" scope=\"row\">HappyPal<\/th>\n<td><a href=\"https:\/\/www.happypal.fr\" target=\"_blank\" rel=\"noopener\">https:\/\/www.happypal.fr<\/a><\/td>\n<\/tr>\n<\/tbody>\n<\/table>\n<h2><span style=\"color: #b01635;\">Bons plans vacances<\/span><\/h2>\n<table>\n<tbody>\n<tr>\n<th>Partenaire<\/th>\n<th>Site de connexion<\/th>\n<\/tr>\n<tr>\n<td>Club Med<\/td>\n<td><a href=\"https:\/\/www.clubmed.fr\">https:\/\/www.clubmed.fr<\/a><\/td>\n<\/tr>\n<tr>\n<th style=\"text-align: left;\" scope=\"row\">Tui France (-5%)<\/th>\n<td><a href=\"https:\/\/www.tui.fr\" target=\"_blank\" rel=\"noopener\">https:\/\/www.tui.fr<\/a><\/td>\n<\/tr>\n<tr>\n<th style=\"text-align: left;\" scope=\"row\"><span data-sheets-root=\"1\">Camping<\/span><\/th>\n<td><a href=\"https:\/\/www.campings.com\/ce\/cps\/login\" target=\"_blank\" rel=\"noopener\">https:\/\/www.campings.com\/ce\/cps\/login<\/a><\/td>\n<\/tr>\n<tr>\n<th style=\"text-align: left;\" scope=\"row\"><span data-sheets-root=\"1\">Nem\u00e9a <\/span>(12% remise sur r\u00e9sidences,<\/p>\n<p>8% sur r\u00e9sidences partenaires)<\/th>\n<td><span data-sheets-root=\"1\"><a class=\"in-cell-link\" href=\"http:\/\/www.nemea.fr\" target=\"_blank\" rel=\"noopener\">www.nemea.fr<\/a><\/span><\/p>\n<p>&nbsp;<\/td>\n<\/tr>\n<tr>\n<td><\/td>\n<td><\/td>\n<\/tr>\n<\/tbody>\n<\/table>\n<p>___<\/p>\n<h3><span style=\"color: #b01635;\"><strong>Un v\u00e9lo \u00e9lectrique \u00e0 prix r\u00e9duit<\/strong><\/span><\/h3>\n<p><img loading=\"lazy\" decoding=\"async\" class=\"size-medium wp-image-806 alignleft\" src=\"http:\/\/assoc2s.fr\/wp-content\/uploads\/2025\/01\/velo-300x183.png\" alt=\"\" width=\"300\" height=\"183\" srcset=\"https:\/\/assoc2s.fr\/wp-content\/uploads\/2025\/01\/velo-300x183.png 300w, https:\/\/assoc2s.fr\/wp-content\/uploads\/2025\/01\/velo.png 715w\" sizes=\"auto, (max-width: 300px) 100vw, 300px\" \/><\/p>\n<p>B\u00e9n\u00e9ficiez de 250 \u20ac de remise imm\u00e9diate gr\u00e2ce \u00e0 ce code promotionnel exclusif :\u00a0 *<strong>code \u00e0 demander \u00e0 l&#8217;association*<br \/>\n<\/strong><\/p>\n<p>En partenariat avec l&#8217;AssoC2S en achat direct sur le site : <a href=\"https:\/\/www.shift-bikes.com\/\" target=\"_blank\" rel=\"noopener\">https:\/\/www.shift-bikes.com\/<\/a><\/p>\n","protected":false},"excerpt":{"rendered":"<p>L&#8217;association a n\u00e9goci\u00e9 des partenariats qui vous permettent de b\u00e9n\u00e9ficier de r\u00e9ductions directes. Contactez nous pour obtenir ces codes (il [&hellip;]<\/p>\n","protected":false},"author":1,"featured_media":0,"parent":29,"menu_order":7,"comment_status":"closed","ping_status":"closed","template":"","meta":{"site-sidebar-layout":"default","site-content-layout":"","ast-site-content-layout":"default","site-content-style":"default","site-sidebar-style":"default","ast-global-header-display":"","ast-banner-title-visibility":"","ast-main-header-display":"","ast-hfb-above-header-display":"","ast-hfb-below-header-display":"","ast-hfb-mobile-header-display":"","site-post-title":"","ast-breadcrumbs-content":"","ast-featured-img":"","footer-sml-layout":"","theme-transparent-header-meta":"default","adv-header-id-meta":"","stick-header-meta":"","header-above-stick-meta":"","header-main-stick-meta":"","header-below-stick-meta":"","astra-migrate-meta-layouts":"set","ast-page-background-enabled":"default","ast-page-background-meta":{"desktop":{"background-color":"var(--ast-global-color-4)","background-image":"","background-repeat":"repeat","background-position":"center center","background-size":"auto","background-attachment":"scroll","background-type":"","background-media":"","overlay-type":"","overlay-color":"","overlay-opacity":"","overlay-gradient":""},"tablet":{"background-color":"","background-image":"","background-repeat":"repeat","background-position":"center center","background-size":"auto","background-attachment":"scroll","background-type":"","background-media":"","overlay-type":"","overlay-color":"","overlay-opacity":"","overlay-gradient":""},"mobile":{"background-color":"","background-image":"","background-repeat":"repeat","background-position":"center center","background-size":"auto","background-attachment":"scroll","background-type":"","background-media":"","overlay-type":"","overlay-color":"","overlay-opacity":"","overlay-gradient":""}},"ast-content-background-meta":{"desktop":{"background-color":"var(--ast-global-color-5)","background-image":"","background-repeat":"repeat","background-position":"center center","background-size":"auto","background-attachment":"scroll","background-type":"","background-media":"","overlay-type":"","overlay-color":"","overlay-opacity":"","overlay-gradient":""},"tablet":{"background-color":"var(--ast-global-color-5)","background-image":"","background-repeat":"repeat","background-position":"center center","background-size":"auto","background-attachment":"scroll","background-type":"","background-media":"","overlay-type":"","overlay-color":"","overlay-opacity":"","overlay-gradient":""},"mobile":{"background-color":"var(--ast-global-color-5)","background-image":"","background-repeat":"repeat","background-position":"center center","background-size":"auto","background-attachment":"scroll","background-type":"","background-media":"","overlay-type":"","overlay-color":"","overlay-opacity":"","overlay-gradient":""}},"footnotes":""},"class_list":["post-744","page","type-page","status-publish","hentry"],"_links":{"self":[{"href":"https:\/\/assoc2s.fr\/index.php\/wp-json\/wp\/v2\/pages\/744","targetHints":{"allow":["GET"]}}],"collection":[{"href":"https:\/\/assoc2s.fr\/index.php\/wp-json\/wp\/v2\/pages"}],"about":[{"href":"https:\/\/assoc2s.fr\/index.php\/wp-json\/wp\/v2\/types\/page"}],"author":[{"embeddable":true,"href":"https:\/\/assoc2s.fr\/index.php\/wp-json\/wp\/v2\/users\/1"}],"replies":[{"embeddable":true,"href":"https:\/\/assoc2s.fr\/index.php\/wp-json\/wp\/v2\/comments?post=744"}],"version-history":[{"count":18,"href":"https:\/\/assoc2s.fr\/index.php\/wp-json\/wp\/v2\/pages\/744\/revisions"}],"predecessor-version":[{"id":808,"href":"https:\/\/assoc2s.fr\/index.php\/wp-json\/wp\/v2\/pages\/744\/revisions\/808"}],"up":[{"embeddable":true,"href":"https:\/\/assoc2s.fr\/index.php\/wp-json\/wp\/v2\/pages\/29"}],"wp:attachment":[{"href":"https:\/\/assoc2s.fr\/index.php\/wp-json\/wp\/v2\/media?parent=744"}],"curies":[{"name":"wp","href":"https:\/\/api.w.org\/{rel}","templated":true}]}}